{"id":861,"date":"2022-11-27T13:53:42","date_gmt":"2022-11-27T13:53:42","guid":{"rendered":"https:\/\/petitemaisonglobal.com\/?post_type=product&#038;p=861"},"modified":"2023-08-02T11:20:38","modified_gmt":"2023-08-02T11:20:38","slug":"petite-maison-yipranmis-ve-kirilgan-sac-onarici-sampuan","status":"publish","type":"product","link":"https:\/\/petitemaisonglobal.com\/tr\/urun\/petite-maison-yipranmis-ve-kirilgan-sac-onarici-sampuan\/","title":{"rendered":"Petite Maison <br> Sa\u00e7 Onar\u0131c\u0131 \u015eampuan <br>"},"content":{"rendered":"","protected":false},"excerpt":{"rendered":"<h6><strong>Petite Maison Anti-Pollution Hair Conditioner provides moisture and helps to shape easily the hair. Helps to nourish weak hair roots and soften hair fibers.<\/strong><\/h6>","protected":false},"featured_media":866,"template":"","meta":[],"product_brand":[],"product_cat":[55,56],"product_tag":[],"class_list":{"0":"post-861","1":"product","2":"type-product","3":"status-publish","4":"has-post-thumbnail","6":"product_cat-hair-products","7":"product_cat-shampoo","9":"first","10":"instock","11":"shipping-taxable","12":"product-type-simple"},"_links":{"self":[{"href":"https:\/\/petitemaisonglobal.com\/tr\/wp-json\/wp\/v2\/product\/861","targetHints":{"allow":["GET"]}}],"collection":[{"href":"https:\/\/petitemaisonglobal.com\/tr\/wp-json\/wp\/v2\/product"}],"about":[{"href":"https:\/\/petitemaisonglobal.com\/tr\/wp-json\/wp\/v2\/types\/product"}],"wp:featuredmedia":[{"embeddable":true,"href":"https:\/\/petitemaisonglobal.com\/tr\/wp-json\/wp\/v2\/media\/866"}],"wp:attachment":[{"href":"https:\/\/petitemaisonglobal.com\/tr\/wp-json\/wp\/v2\/media?parent=861"}],"wp:term":[{"taxonomy":"product_brand","embeddable":true,"href":"https:\/\/petitemaisonglobal.com\/tr\/wp-json\/wp\/v2\/product_brand?post=861"},{"taxonomy":"product_cat","embeddable":true,"href":"https:\/\/petitemaisonglobal.com\/tr\/wp-json\/wp\/v2\/product_cat?post=861"},{"taxonomy":"product_tag","embeddable":true,"href":"https:\/\/petitemaisonglobal.com\/tr\/wp-json\/wp\/v2\/product_tag?post=861"}],"curies":[{"name":"wp","href":"https:\/\/api.w.org\/{rel}","templated":true}]}}