{"id":736,"date":"2022-11-08T18:05:55","date_gmt":"2022-11-08T18:05:55","guid":{"rendered":"https:\/\/petitemaisonglobal.com\/?post_type=product&#038;p=736"},"modified":"2023-08-02T11:07:10","modified_gmt":"2023-08-02T11:07:10","slug":"petite-maison-spf-20-dudak-kremi","status":"publish","type":"product","link":"https:\/\/petitemaisonglobal.com\/tr\/urun\/petite-maison-spf-20-dudak-kremi\/","title":{"rendered":"Petite Maison  <br> SPF 20 Dudak Kremi <br>"},"content":{"rendered":"","protected":false},"excerpt":{"rendered":"<h6>Shea ya\u011f\u0131 ve E vitamini ile zenginle\u015ftirilmi\u015f bu dudak kremi dudaklar\u0131 besler ve onlara ho\u015f bir pembelik kazand\u0131r\u0131r.<\/h6>","protected":false},"featured_media":739,"template":"","meta":[],"product_brand":[],"product_cat":[103,37,42,43],"product_tag":[],"class_list":{"0":"post-736","1":"product","2":"type-product","3":"status-publish","4":"has-post-thumbnail","6":"product_cat-eye-lip-care","7":"product_cat-skin-care","8":"product_cat-sun-products","9":"product_cat-sunscreen","11":"first","12":"instock","13":"shipping-taxable","14":"product-type-simple"},"_links":{"self":[{"href":"https:\/\/petitemaisonglobal.com\/tr\/wp-json\/wp\/v2\/product\/736","targetHints":{"allow":["GET"]}}],"collection":[{"href":"https:\/\/petitemaisonglobal.com\/tr\/wp-json\/wp\/v2\/product"}],"about":[{"href":"https:\/\/petitemaisonglobal.com\/tr\/wp-json\/wp\/v2\/types\/product"}],"wp:featuredmedia":[{"embeddable":true,"href":"https:\/\/petitemaisonglobal.com\/tr\/wp-json\/wp\/v2\/media\/739"}],"wp:attachment":[{"href":"https:\/\/petitemaisonglobal.com\/tr\/wp-json\/wp\/v2\/media?parent=736"}],"wp:term":[{"taxonomy":"product_brand","embeddable":true,"href":"https:\/\/petitemaisonglobal.com\/tr\/wp-json\/wp\/v2\/product_brand?post=736"},{"taxonomy":"product_cat","embeddable":true,"href":"https:\/\/petitemaisonglobal.com\/tr\/wp-json\/wp\/v2\/product_cat?post=736"},{"taxonomy":"product_tag","embeddable":true,"href":"https:\/\/petitemaisonglobal.com\/tr\/wp-json\/wp\/v2\/product_tag?post=736"}],"curies":[{"name":"wp","href":"https:\/\/api.w.org\/{rel}","templated":true}]}}