{"id":735,"date":"2022-11-08T18:05:47","date_gmt":"2022-11-08T18:05:47","guid":{"rendered":"https:\/\/petitemaisonglobal.com\/?post_type=product&#038;p=735"},"modified":"2023-08-02T11:06:47","modified_gmt":"2023-08-02T11:06:47","slug":"petite-maison-gunes-sonrasi-krem","status":"publish","type":"product","link":"https:\/\/petitemaisonglobal.com\/tr\/urun\/petite-maison-gunes-sonrasi-krem\/","title":{"rendered":"Petite Maison  <br> G\u00fcne\u015f Sonras\u0131 Jel <br>"},"content":{"rendered":"","protected":false},"excerpt":{"rendered":"<h6>Petite Maison G\u00fcne\u015f Sonras\u0131 Jel, g\u00fcne\u015flendikten sonra gerilen cildi rahatlatmaya ve serinletmeye yard\u0131mc\u0131 olur.<\/h6>","protected":false},"featured_media":738,"template":"","meta":[],"product_brand":[],"product_cat":[45,37,42],"product_tag":[],"class_list":{"0":"post-735","1":"product","2":"type-product","3":"status-publish","4":"has-post-thumbnail","6":"product_cat-after-sun","7":"product_cat-skin-care","8":"product_cat-sun-products","10":"first","11":"instock","12":"shipping-taxable","13":"product-type-simple"},"_links":{"self":[{"href":"https:\/\/petitemaisonglobal.com\/tr\/wp-json\/wp\/v2\/product\/735","targetHints":{"allow":["GET"]}}],"collection":[{"href":"https:\/\/petitemaisonglobal.com\/tr\/wp-json\/wp\/v2\/product"}],"about":[{"href":"https:\/\/petitemaisonglobal.com\/tr\/wp-json\/wp\/v2\/types\/product"}],"wp:featuredmedia":[{"embeddable":true,"href":"https:\/\/petitemaisonglobal.com\/tr\/wp-json\/wp\/v2\/media\/738"}],"wp:attachment":[{"href":"https:\/\/petitemaisonglobal.com\/tr\/wp-json\/wp\/v2\/media?parent=735"}],"wp:term":[{"taxonomy":"product_brand","embeddable":true,"href":"https:\/\/petitemaisonglobal.com\/tr\/wp-json\/wp\/v2\/product_brand?post=735"},{"taxonomy":"product_cat","embeddable":true,"href":"https:\/\/petitemaisonglobal.com\/tr\/wp-json\/wp\/v2\/product_cat?post=735"},{"taxonomy":"product_tag","embeddable":true,"href":"https:\/\/petitemaisonglobal.com\/tr\/wp-json\/wp\/v2\/product_tag?post=735"}],"curies":[{"name":"wp","href":"https:\/\/api.w.org\/{rel}","templated":true}]}}