{"id":734,"date":"2022-11-08T18:05:42","date_gmt":"2022-11-08T18:05:42","guid":{"rendered":"https:\/\/petitemaisonglobal.com\/?post_type=product&#038;p=734"},"modified":"2023-12-15T15:07:16","modified_gmt":"2023-12-15T15:07:16","slug":"petite-maison-gunes-kremi","status":"publish","type":"product","link":"https:\/\/petitemaisonglobal.com\/tr\/urun\/petite-maison-gunes-kremi\/","title":{"rendered":"Petite Maison  <br> G\u00fcne\u015f Ya\u011f\u0131 <br>"},"content":{"rendered":"","protected":false},"excerpt":{"rendered":"<h6>H\u0131zl\u0131 emilen form\u00fcl\u00fc ile iz b\u0131rakmaz ve cilde satenimsi bir bronzluk kazand\u0131rmaya yard\u0131mc\u0131 olur.<\/h6>","protected":false},"featured_media":737,"template":"","meta":[],"product_brand":[],"product_cat":[44,37,42],"product_tag":[],"class_list":{"0":"post-734","1":"product","2":"type-product","3":"status-publish","4":"has-post-thumbnail","6":"product_cat-bronzer","7":"product_cat-skin-care","8":"product_cat-sun-products","10":"first","11":"instock","12":"shipping-taxable","13":"product-type-simple"},"_links":{"self":[{"href":"https:\/\/petitemaisonglobal.com\/tr\/wp-json\/wp\/v2\/product\/734","targetHints":{"allow":["GET"]}}],"collection":[{"href":"https:\/\/petitemaisonglobal.com\/tr\/wp-json\/wp\/v2\/product"}],"about":[{"href":"https:\/\/petitemaisonglobal.com\/tr\/wp-json\/wp\/v2\/types\/product"}],"wp:featuredmedia":[{"embeddable":true,"href":"https:\/\/petitemaisonglobal.com\/tr\/wp-json\/wp\/v2\/media\/737"}],"wp:attachment":[{"href":"https:\/\/petitemaisonglobal.com\/tr\/wp-json\/wp\/v2\/media?parent=734"}],"wp:term":[{"taxonomy":"product_brand","embeddable":true,"href":"https:\/\/petitemaisonglobal.com\/tr\/wp-json\/wp\/v2\/product_brand?post=734"},{"taxonomy":"product_cat","embeddable":true,"href":"https:\/\/petitemaisonglobal.com\/tr\/wp-json\/wp\/v2\/product_cat?post=734"},{"taxonomy":"product_tag","embeddable":true,"href":"https:\/\/petitemaisonglobal.com\/tr\/wp-json\/wp\/v2\/product_tag?post=734"}],"curies":[{"name":"wp","href":"https:\/\/api.w.org\/{rel}","templated":true}]}}