{"id":727,"date":"2022-11-08T14:07:14","date_gmt":"2022-11-08T14:07:14","guid":{"rendered":"https:\/\/petitemaisonglobal.com\/?post_type=product&#038;p=727"},"modified":"2023-08-02T11:06:58","modified_gmt":"2023-08-02T11:06:58","slug":"petite-maison-koruyucu-gunes-kremi","status":"publish","type":"product","link":"https:\/\/petitemaisonglobal.com\/tr\/urun\/petite-maison-koruyucu-gunes-kremi\/","title":{"rendered":"Petite Maison  <br> G\u00fcne\u015ften Koruyucu Krem <br>"},"content":{"rendered":"","protected":false},"excerpt":{"rendered":"<h6>Petite Maison SPF 50 G\u00fcne\u015f Koruyucu Kremi 50 ml, hafif form\u00fcl\u00fc sayesinde cildinizi g\u00fcne\u015fin zararl\u0131 etkilerinden korur ve cildin nefes almas\u0131na yard\u0131mc\u0131 olur.<\/h6>","protected":false},"featured_media":733,"template":"","meta":[],"product_brand":[],"product_cat":[37,42,43],"product_tag":[],"class_list":{"0":"post-727","1":"product","2":"type-product","3":"status-publish","4":"has-post-thumbnail","6":"product_cat-skin-care","7":"product_cat-sun-products","8":"product_cat-sunscreen","10":"first","11":"instock","12":"shipping-taxable","13":"product-type-simple"},"_links":{"self":[{"href":"https:\/\/petitemaisonglobal.com\/tr\/wp-json\/wp\/v2\/product\/727","targetHints":{"allow":["GET"]}}],"collection":[{"href":"https:\/\/petitemaisonglobal.com\/tr\/wp-json\/wp\/v2\/product"}],"about":[{"href":"https:\/\/petitemaisonglobal.com\/tr\/wp-json\/wp\/v2\/types\/product"}],"wp:featuredmedia":[{"embeddable":true,"href":"https:\/\/petitemaisonglobal.com\/tr\/wp-json\/wp\/v2\/media\/733"}],"wp:attachment":[{"href":"https:\/\/petitemaisonglobal.com\/tr\/wp-json\/wp\/v2\/media?parent=727"}],"wp:term":[{"taxonomy":"product_brand","embeddable":true,"href":"https:\/\/petitemaisonglobal.com\/tr\/wp-json\/wp\/v2\/product_brand?post=727"},{"taxonomy":"product_cat","embeddable":true,"href":"https:\/\/petitemaisonglobal.com\/tr\/wp-json\/wp\/v2\/product_cat?post=727"},{"taxonomy":"product_tag","embeddable":true,"href":"https:\/\/petitemaisonglobal.com\/tr\/wp-json\/wp\/v2\/product_tag?post=727"}],"curies":[{"name":"wp","href":"https:\/\/api.w.org\/{rel}","templated":true}]}}