{"id":585,"date":"2022-10-31T17:43:45","date_gmt":"2022-10-31T17:43:45","guid":{"rendered":"https:\/\/petitemaisonglobal.com\/?post_type=product&#038;p=585"},"modified":"2023-08-02T11:16:06","modified_gmt":"2023-08-02T11:16:06","slug":"petite-maison-sac-dokulmesini-onleyici-krem","status":"publish","type":"product","link":"https:\/\/petitemaisonglobal.com\/tr\/urun\/petite-maison-sac-dokulmesini-onleyici-krem\/","title":{"rendered":"Petite Maison <br> Sa\u00e7 D\u00f6k\u00fclmesini \u00d6nleyici Sa\u00e7 Kremi <br>"},"content":{"rendered":"","protected":false},"excerpt":{"rendered":"<h6><strong>Petite Maison Conditioner 200 ml Hair Loss Prevention, which offers a sensitive effect in hair care, moisturizes the hair from root to tip and supports its repair.<\/strong><\/h6>","protected":false},"featured_media":724,"template":"","meta":[],"product_brand":[],"product_cat":[57,55],"product_tag":[],"class_list":{"0":"post-585","1":"product","2":"type-product","3":"status-publish","4":"has-post-thumbnail","6":"product_cat-conditioner","7":"product_cat-hair-products","9":"first","10":"instock","11":"shipping-taxable","12":"product-type-simple"},"_links":{"self":[{"href":"https:\/\/petitemaisonglobal.com\/tr\/wp-json\/wp\/v2\/product\/585","targetHints":{"allow":["GET"]}}],"collection":[{"href":"https:\/\/petitemaisonglobal.com\/tr\/wp-json\/wp\/v2\/product"}],"about":[{"href":"https:\/\/petitemaisonglobal.com\/tr\/wp-json\/wp\/v2\/types\/product"}],"wp:featuredmedia":[{"embeddable":true,"href":"https:\/\/petitemaisonglobal.com\/tr\/wp-json\/wp\/v2\/media\/724"}],"wp:attachment":[{"href":"https:\/\/petitemaisonglobal.com\/tr\/wp-json\/wp\/v2\/media?parent=585"}],"wp:term":[{"taxonomy":"product_brand","embeddable":true,"href":"https:\/\/petitemaisonglobal.com\/tr\/wp-json\/wp\/v2\/product_brand?post=585"},{"taxonomy":"product_cat","embeddable":true,"href":"https:\/\/petitemaisonglobal.com\/tr\/wp-json\/wp\/v2\/product_cat?post=585"},{"taxonomy":"product_tag","embeddable":true,"href":"https:\/\/petitemaisonglobal.com\/tr\/wp-json\/wp\/v2\/product_tag?post=585"}],"curies":[{"name":"wp","href":"https:\/\/api.w.org\/{rel}","templated":true}]}}