{"id":583,"date":"2022-10-31T17:41:14","date_gmt":"2022-10-31T17:41:14","guid":{"rendered":"https:\/\/petitemaisonglobal.com\/?post_type=product&#038;p=583"},"modified":"2023-08-02T11:14:49","modified_gmt":"2023-08-02T11:14:49","slug":"petite-maison-yipranmis-kirilgan-sac-onarici-krem","status":"publish","type":"product","link":"https:\/\/petitemaisonglobal.com\/tr\/urun\/petite-maison-yipranmis-kirilgan-sac-onarici-krem\/","title":{"rendered":"Damaged&#038;Fragile <br> Sa\u00e7 Onar\u0131c\u0131 Sa\u00e7 Kremi <br>"},"content":{"rendered":"","protected":false},"excerpt":{"rendered":"<h6><strong>Haircare continues with care and repair application after the cleaning phase. Petite Maison Conditioner 200 ml Damaged And Fragile Hair Repair is an effective supplement for repairing weak hair.<\/strong><\/h6>","protected":false},"featured_media":725,"template":"","meta":[],"product_brand":[],"product_cat":[57,55],"product_tag":[],"class_list":{"0":"post-583","1":"product","2":"type-product","3":"status-publish","4":"has-post-thumbnail","6":"product_cat-conditioner","7":"product_cat-hair-products","9":"first","10":"instock","11":"shipping-taxable","12":"product-type-simple"},"_links":{"self":[{"href":"https:\/\/petitemaisonglobal.com\/tr\/wp-json\/wp\/v2\/product\/583","targetHints":{"allow":["GET"]}}],"collection":[{"href":"https:\/\/petitemaisonglobal.com\/tr\/wp-json\/wp\/v2\/product"}],"about":[{"href":"https:\/\/petitemaisonglobal.com\/tr\/wp-json\/wp\/v2\/types\/product"}],"wp:featuredmedia":[{"embeddable":true,"href":"https:\/\/petitemaisonglobal.com\/tr\/wp-json\/wp\/v2\/media\/725"}],"wp:attachment":[{"href":"https:\/\/petitemaisonglobal.com\/tr\/wp-json\/wp\/v2\/media?parent=583"}],"wp:term":[{"taxonomy":"product_brand","embeddable":true,"href":"https:\/\/petitemaisonglobal.com\/tr\/wp-json\/wp\/v2\/product_brand?post=583"},{"taxonomy":"product_cat","embeddable":true,"href":"https:\/\/petitemaisonglobal.com\/tr\/wp-json\/wp\/v2\/product_cat?post=583"},{"taxonomy":"product_tag","embeddable":true,"href":"https:\/\/petitemaisonglobal.com\/tr\/wp-json\/wp\/v2\/product_tag?post=583"}],"curies":[{"name":"wp","href":"https:\/\/api.w.org\/{rel}","templated":true}]}}