{"id":571,"date":"2022-10-31T17:13:09","date_gmt":"2022-10-31T17:13:09","guid":{"rendered":"https:\/\/petitemaisonglobal.com\/?post_type=product&#038;p=571"},"modified":"2023-08-02T11:13:05","modified_gmt":"2023-08-02T11:13:05","slug":"petite-maison-sakayik-ruyasi-sivi-sabun","status":"publish","type":"product","link":"https:\/\/petitemaisonglobal.com\/tr\/urun\/petite-maison-sakayik-ruyasi-sivi-sabun\/","title":{"rendered":"Petite Maison <br> S\u0131v\u0131 Sabun \u015eakay\u0131k R\u00fcyas\u0131 <br>"},"content":{"rendered":"","protected":false},"excerpt":{"rendered":"","protected":false},"featured_media":729,"template":"","meta":[],"product_brand":[],"product_cat":[46,51,52],"product_tag":[],"class_list":{"0":"post-571","1":"product","2":"type-product","3":"status-publish","4":"has-post-thumbnail","6":"product_cat-body-care","7":"product_cat-hand-care","8":"product_cat-hand-wash","10":"first","11":"instock","12":"shipping-taxable","13":"product-type-simple"},"_links":{"self":[{"href":"https:\/\/petitemaisonglobal.com\/tr\/wp-json\/wp\/v2\/product\/571","targetHints":{"allow":["GET"]}}],"collection":[{"href":"https:\/\/petitemaisonglobal.com\/tr\/wp-json\/wp\/v2\/product"}],"about":[{"href":"https:\/\/petitemaisonglobal.com\/tr\/wp-json\/wp\/v2\/types\/product"}],"wp:featuredmedia":[{"embeddable":true,"href":"https:\/\/petitemaisonglobal.com\/tr\/wp-json\/wp\/v2\/media\/729"}],"wp:attachment":[{"href":"https:\/\/petitemaisonglobal.com\/tr\/wp-json\/wp\/v2\/media?parent=571"}],"wp:term":[{"taxonomy":"product_brand","embeddable":true,"href":"https:\/\/petitemaisonglobal.com\/tr\/wp-json\/wp\/v2\/product_brand?post=571"},{"taxonomy":"product_cat","embeddable":true,"href":"https:\/\/petitemaisonglobal.com\/tr\/wp-json\/wp\/v2\/product_cat?post=571"},{"taxonomy":"product_tag","embeddable":true,"href":"https:\/\/petitemaisonglobal.com\/tr\/wp-json\/wp\/v2\/product_tag?post=571"}],"curies":[{"name":"wp","href":"https:\/\/api.w.org\/{rel}","templated":true}]}}