{"id":557,"date":"2022-10-31T16:40:29","date_gmt":"2022-10-31T16:40:29","guid":{"rendered":"https:\/\/petitemaisonglobal.com\/?post_type=product&#038;p=557"},"modified":"2023-08-02T11:17:21","modified_gmt":"2023-08-02T11:17:21","slug":"petite-maison-pembe-misket-limonu-vucut-losyonu","status":"publish","type":"product","link":"https:\/\/petitemaisonglobal.com\/tr\/urun\/petite-maison-pembe-misket-limonu-vucut-losyonu\/","title":{"rendered":"Petite Maison <br> V\u00fccut Losyonu Pembe Greyfurt <br>"},"content":{"rendered":"","protected":false},"excerpt":{"rendered":"<h6><strong>Petite Maison El ve T\u0131rnak Kremi, yap\u0131\u015fkan his b\u0131rakmayan hafif dokusuyla cildinizi d\u0131\u015f etkilerden korumaya, ellerinizi ve t\u0131rnaklar\u0131n\u0131z\u0131 yumu\u015fatmaya yard\u0131mc\u0131 olur. Keratin ve Pembe Pomelo \u00d6z\u00fc ile geli\u015ftirilen bu \u00f6zel form\u00fcl, t\u0131rnaklar\u0131n\u0131z\u0131n g\u00fc\u00e7lenmesine ve ellerinizin p\u00fcr\u00fczs\u00fczle\u015fmesine yard\u0131mc\u0131 olur.<\/strong><\/h6>","protected":false},"featured_media":722,"template":"","meta":[],"product_brand":[],"product_cat":[46,47],"product_tag":[],"class_list":{"0":"post-557","1":"product","2":"type-product","3":"status-publish","4":"has-post-thumbnail","6":"product_cat-body-care","7":"product_cat-body-lotion","9":"first","10":"instock","11":"shipping-taxable","12":"product-type-simple"},"_links":{"self":[{"href":"https:\/\/petitemaisonglobal.com\/tr\/wp-json\/wp\/v2\/product\/557","targetHints":{"allow":["GET"]}}],"collection":[{"href":"https:\/\/petitemaisonglobal.com\/tr\/wp-json\/wp\/v2\/product"}],"about":[{"href":"https:\/\/petitemaisonglobal.com\/tr\/wp-json\/wp\/v2\/types\/product"}],"wp:featuredmedia":[{"embeddable":true,"href":"https:\/\/petitemaisonglobal.com\/tr\/wp-json\/wp\/v2\/media\/722"}],"wp:attachment":[{"href":"https:\/\/petitemaisonglobal.com\/tr\/wp-json\/wp\/v2\/media?parent=557"}],"wp:term":[{"taxonomy":"product_brand","embeddable":true,"href":"https:\/\/petitemaisonglobal.com\/tr\/wp-json\/wp\/v2\/product_brand?post=557"},{"taxonomy":"product_cat","embeddable":true,"href":"https:\/\/petitemaisonglobal.com\/tr\/wp-json\/wp\/v2\/product_cat?post=557"},{"taxonomy":"product_tag","embeddable":true,"href":"https:\/\/petitemaisonglobal.com\/tr\/wp-json\/wp\/v2\/product_tag?post=557"}],"curies":[{"name":"wp","href":"https:\/\/api.w.org\/{rel}","templated":true}]}}