{"id":538,"date":"2022-10-28T16:37:23","date_gmt":"2022-10-28T16:37:23","guid":{"rendered":"https:\/\/petitemaisonglobal.com\/?post_type=product&#038;p=538"},"modified":"2023-08-02T11:07:29","modified_gmt":"2023-08-02T11:07:29","slug":"petite-maison-besleyici-el-kremi","status":"publish","type":"product","link":"https:\/\/petitemaisonglobal.com\/tr\/urun\/petite-maison-besleyici-el-kremi\/","title":{"rendered":"Petite Maison  <br> Besleyici El Kremi <br>"},"content":{"rendered":"","protected":false},"excerpt":{"rendered":"<h6><strong>Petite Maison El Kremi, yap\u0131\u015fkan his b\u0131rakmayan hafif dokusuyla cildinizi d\u0131\u015f etkilerden korumaya ve ellerinizi yumu\u015fatmaya yard\u0131mc\u0131 olur. Shea Ya\u011f\u0131 ve Pembe Pomelo \u00d6z\u00fc ile geli\u015ftirilen bu \u00f6zel form\u00fcl, ellerinizi beslemeye ve p\u00fcr\u00fczs\u00fczle\u015ftirmeye yard\u0131mc\u0131 olur.<\/strong><\/h6>","protected":false},"featured_media":732,"template":"","meta":[],"product_brand":[],"product_cat":[46,51,53],"product_tag":[],"class_list":{"0":"post-538","1":"product","2":"type-product","3":"status-publish","4":"has-post-thumbnail","6":"product_cat-body-care","7":"product_cat-hand-care","8":"product_cat-hand-cream","10":"first","11":"instock","12":"shipping-taxable","13":"product-type-simple"},"_links":{"self":[{"href":"https:\/\/petitemaisonglobal.com\/tr\/wp-json\/wp\/v2\/product\/538","targetHints":{"allow":["GET"]}}],"collection":[{"href":"https:\/\/petitemaisonglobal.com\/tr\/wp-json\/wp\/v2\/product"}],"about":[{"href":"https:\/\/petitemaisonglobal.com\/tr\/wp-json\/wp\/v2\/types\/product"}],"wp:featuredmedia":[{"embeddable":true,"href":"https:\/\/petitemaisonglobal.com\/tr\/wp-json\/wp\/v2\/media\/732"}],"wp:attachment":[{"href":"https:\/\/petitemaisonglobal.com\/tr\/wp-json\/wp\/v2\/media?parent=538"}],"wp:term":[{"taxonomy":"product_brand","embeddable":true,"href":"https:\/\/petitemaisonglobal.com\/tr\/wp-json\/wp\/v2\/product_brand?post=538"},{"taxonomy":"product_cat","embeddable":true,"href":"https:\/\/petitemaisonglobal.com\/tr\/wp-json\/wp\/v2\/product_cat?post=538"},{"taxonomy":"product_tag","embeddable":true,"href":"https:\/\/petitemaisonglobal.com\/tr\/wp-json\/wp\/v2\/product_tag?post=538"}],"curies":[{"name":"wp","href":"https:\/\/api.w.org\/{rel}","templated":true}]}}