{"id":523,"date":"2022-10-28T15:25:28","date_gmt":"2022-10-28T15:25:28","guid":{"rendered":"https:\/\/petitemaisonglobal.com\/?post_type=product&#038;p=523"},"modified":"2025-06-30T11:26:01","modified_gmt":"2025-06-30T08:26:01","slug":"petite-maison-dudak-yumusatici","status":"publish","type":"product","link":"https:\/\/petitemaisonglobal.com\/tr\/urun\/petite-maison-dudak-yumusatici\/","title":{"rendered":"Petite Maison <br> Dudak Kremi <br>"},"content":{"rendered":"","protected":false},"excerpt":{"rendered":"<h6><strong>Dudak P\u00fcr\u00fczs\u00fczle\u015ftirici dudaklar\u0131n\u0131z\u0131 yumu\u015fat\u0131r ve p\u00fcr\u00fczs\u00fczle\u015ftirir. Nem a\u00e7\u0131s\u0131ndan zengin form\u00fcl\u00fc dudaklar\u0131n\u0131z\u0131 yap\u0131\u015fkanl\u0131k hissi b\u0131rakmadan parlak b\u0131rak\u0131r.<\/strong><\/h6>","protected":false},"featured_media":713,"template":"","meta":[],"product_brand":[],"product_cat":[103,37],"product_tag":[],"class_list":{"0":"post-523","1":"product","2":"type-product","3":"status-publish","4":"has-post-thumbnail","6":"product_cat-eye-lip-care","7":"product_cat-skin-care","9":"first","10":"instock","11":"shipping-taxable","12":"product-type-simple"},"_links":{"self":[{"href":"https:\/\/petitemaisonglobal.com\/tr\/wp-json\/wp\/v2\/product\/523","targetHints":{"allow":["GET"]}}],"collection":[{"href":"https:\/\/petitemaisonglobal.com\/tr\/wp-json\/wp\/v2\/product"}],"about":[{"href":"https:\/\/petitemaisonglobal.com\/tr\/wp-json\/wp\/v2\/types\/product"}],"wp:featuredmedia":[{"embeddable":true,"href":"https:\/\/petitemaisonglobal.com\/tr\/wp-json\/wp\/v2\/media\/713"}],"wp:attachment":[{"href":"https:\/\/petitemaisonglobal.com\/tr\/wp-json\/wp\/v2\/media?parent=523"}],"wp:term":[{"taxonomy":"product_brand","embeddable":true,"href":"https:\/\/petitemaisonglobal.com\/tr\/wp-json\/wp\/v2\/product_brand?post=523"},{"taxonomy":"product_cat","embeddable":true,"href":"https:\/\/petitemaisonglobal.com\/tr\/wp-json\/wp\/v2\/product_cat?post=523"},{"taxonomy":"product_tag","embeddable":true,"href":"https:\/\/petitemaisonglobal.com\/tr\/wp-json\/wp\/v2\/product_tag?post=523"}],"curies":[{"name":"wp","href":"https:\/\/api.w.org\/{rel}","templated":true}]}}