{"id":504,"date":"2022-10-26T15:30:29","date_gmt":"2022-10-26T15:30:29","guid":{"rendered":"https:\/\/petitemaisonglobal.com\/?post_type=product&#038;p=504"},"modified":"2025-06-30T11:21:03","modified_gmt":"2025-06-30T08:21:03","slug":"petite-maison-gozenek-kucultucu","status":"publish","type":"product","link":"https:\/\/petitemaisonglobal.com\/tr\/urun\/petite-maison-gozenek-kucultucu\/","title":{"rendered":"Petite Maison <br> G\u00f6zenek Kapat\u0131c\u0131 Makyaj Baz\u0131 <br>"},"content":{"rendered":"","protected":false},"excerpt":{"rendered":"<h6><strong>Pore Minimiser can be used for a NO-MAKE UP DAYS or as a make up base\/primer for a unified skin.<\/strong><\/h6>","protected":false},"featured_media":687,"template":"","meta":[],"product_brand":[],"product_cat":[40,37],"product_tag":[],"class_list":{"0":"post-504","1":"product","2":"type-product","3":"status-publish","4":"has-post-thumbnail","6":"product_cat-cleansing-products","7":"product_cat-skin-care","9":"first","10":"instock","11":"shipping-taxable","12":"product-type-simple"},"_links":{"self":[{"href":"https:\/\/petitemaisonglobal.com\/tr\/wp-json\/wp\/v2\/product\/504","targetHints":{"allow":["GET"]}}],"collection":[{"href":"https:\/\/petitemaisonglobal.com\/tr\/wp-json\/wp\/v2\/product"}],"about":[{"href":"https:\/\/petitemaisonglobal.com\/tr\/wp-json\/wp\/v2\/types\/product"}],"wp:featuredmedia":[{"embeddable":true,"href":"https:\/\/petitemaisonglobal.com\/tr\/wp-json\/wp\/v2\/media\/687"}],"wp:attachment":[{"href":"https:\/\/petitemaisonglobal.com\/tr\/wp-json\/wp\/v2\/media?parent=504"}],"wp:term":[{"taxonomy":"product_brand","embeddable":true,"href":"https:\/\/petitemaisonglobal.com\/tr\/wp-json\/wp\/v2\/product_brand?post=504"},{"taxonomy":"product_cat","embeddable":true,"href":"https:\/\/petitemaisonglobal.com\/tr\/wp-json\/wp\/v2\/product_cat?post=504"},{"taxonomy":"product_tag","embeddable":true,"href":"https:\/\/petitemaisonglobal.com\/tr\/wp-json\/wp\/v2\/product_tag?post=504"}],"curies":[{"name":"wp","href":"https:\/\/api.w.org\/{rel}","templated":true}]}}