{"id":485,"date":"2022-10-26T14:09:56","date_gmt":"2022-10-26T14:09:56","guid":{"rendered":"https:\/\/petitemaisonglobal.com\/?post_type=product&#038;p=485"},"modified":"2023-08-02T10:55:25","modified_gmt":"2023-08-02T10:55:25","slug":"petite-maison-vucut-losyonu-pembe-misket-limonu","status":"publish","type":"product","link":"https:\/\/petitemaisonglobal.com\/tr\/urun\/petite-maison-vucut-losyonu-pembe-misket-limonu\/","title":{"rendered":"Petite Maison <br> Y\u00fcz Temizleme Peelingi <br>"},"content":{"rendered":"","protected":false},"excerpt":{"rendered":"<div class=\"product-details-content\">\n<div class=\"content-box\">\n<div class=\"content-text\">\n<h6><strong>Temizleyici, scrub ve maskenin etkilerini birle\u015ftirerek 5 fayda sa\u011flar! Cilt temiz, yumu\u015fak, p\u00fcr\u00fczs\u00fcz, canlanm\u0131\u015f ve do\u011fal olarak g\u00fczel kal\u0131r. Y\u00fcz peelingi cildi a\u015f\u0131r\u0131 kurutmadan nazik\u00e7e ar\u0131nd\u0131r\u0131r.<\/strong><\/h6>\n<\/div>\n<\/div>\n<\/div>","protected":false},"featured_media":711,"template":"","meta":[],"product_brand":[],"product_cat":[40,39,37],"product_tag":[],"class_list":{"0":"post-485","1":"product","2":"type-product","3":"status-publish","4":"has-post-thumbnail","6":"product_cat-cleansing-products","7":"product_cat-peeling-masks","8":"product_cat-skin-care","10":"first","11":"instock","12":"shipping-taxable","13":"product-type-simple"},"_links":{"self":[{"href":"https:\/\/petitemaisonglobal.com\/tr\/wp-json\/wp\/v2\/product\/485","targetHints":{"allow":["GET"]}}],"collection":[{"href":"https:\/\/petitemaisonglobal.com\/tr\/wp-json\/wp\/v2\/product"}],"about":[{"href":"https:\/\/petitemaisonglobal.com\/tr\/wp-json\/wp\/v2\/types\/product"}],"wp:featuredmedia":[{"embeddable":true,"href":"https:\/\/petitemaisonglobal.com\/tr\/wp-json\/wp\/v2\/media\/711"}],"wp:attachment":[{"href":"https:\/\/petitemaisonglobal.com\/tr\/wp-json\/wp\/v2\/media?parent=485"}],"wp:term":[{"taxonomy":"product_brand","embeddable":true,"href":"https:\/\/petitemaisonglobal.com\/tr\/wp-json\/wp\/v2\/product_brand?post=485"},{"taxonomy":"product_cat","embeddable":true,"href":"https:\/\/petitemaisonglobal.com\/tr\/wp-json\/wp\/v2\/product_cat?post=485"},{"taxonomy":"product_tag","embeddable":true,"href":"https:\/\/petitemaisonglobal.com\/tr\/wp-json\/wp\/v2\/product_tag?post=485"}],"curies":[{"name":"wp","href":"https:\/\/api.w.org\/{rel}","templated":true}]}}