{"id":441,"date":"2022-10-25T12:12:33","date_gmt":"2022-10-25T12:12:33","guid":{"rendered":"https:\/\/petitemaisonglobal.com\/?post_type=product&#038;p=441"},"modified":"2023-08-02T10:56:00","modified_gmt":"2023-08-02T10:56:00","slug":"petite-maison-yagdan-sute-temizleyici","status":"publish","type":"product","link":"https:\/\/petitemaisonglobal.com\/tr\/urun\/petite-maison-yagdan-sute-temizleyici\/","title":{"rendered":"Petite Maison <br> Makyaj Temizleme Ya\u011f\u0131 <br>"},"content":{"rendered":"","protected":false},"excerpt":{"rendered":"<h6><strong>Ya\u011f form\u00fcl\u00fc, suyla temas etti\u011finde zengin, s\u00fctl\u00fc bir em\u00fclsiyona d\u00f6n\u00fc\u015f\u00fcr, duruland\u0131\u011f\u0131nda cildinizi m\u00fckemmel \u015fekilde temiz, yumu\u015fak, p\u00fcr\u00fczs\u00fcz ve do\u011fal olarak g\u00fczel b\u0131rak\u0131r.<\/strong><\/h6>","protected":false},"featured_media":684,"template":"","meta":[],"product_brand":[],"product_cat":[40,37],"product_tag":[],"class_list":{"0":"post-441","1":"product","2":"type-product","3":"status-publish","4":"has-post-thumbnail","6":"product_cat-cleansing-products","7":"product_cat-skin-care","9":"first","10":"instock","11":"shipping-taxable","12":"product-type-simple"},"_links":{"self":[{"href":"https:\/\/petitemaisonglobal.com\/tr\/wp-json\/wp\/v2\/product\/441","targetHints":{"allow":["GET"]}}],"collection":[{"href":"https:\/\/petitemaisonglobal.com\/tr\/wp-json\/wp\/v2\/product"}],"about":[{"href":"https:\/\/petitemaisonglobal.com\/tr\/wp-json\/wp\/v2\/types\/product"}],"wp:featuredmedia":[{"embeddable":true,"href":"https:\/\/petitemaisonglobal.com\/tr\/wp-json\/wp\/v2\/media\/684"}],"wp:attachment":[{"href":"https:\/\/petitemaisonglobal.com\/tr\/wp-json\/wp\/v2\/media?parent=441"}],"wp:term":[{"taxonomy":"product_brand","embeddable":true,"href":"https:\/\/petitemaisonglobal.com\/tr\/wp-json\/wp\/v2\/product_brand?post=441"},{"taxonomy":"product_cat","embeddable":true,"href":"https:\/\/petitemaisonglobal.com\/tr\/wp-json\/wp\/v2\/product_cat?post=441"},{"taxonomy":"product_tag","embeddable":true,"href":"https:\/\/petitemaisonglobal.com\/tr\/wp-json\/wp\/v2\/product_tag?post=441"}],"curies":[{"name":"wp","href":"https:\/\/api.w.org\/{rel}","templated":true}]}}