{"id":430,"date":"2022-10-25T12:04:53","date_gmt":"2022-10-25T12:04:53","guid":{"rendered":"https:\/\/petitemaisonglobal.com\/?post_type=product&#038;p=430"},"modified":"2023-08-02T10:54:38","modified_gmt":"2023-08-02T10:54:38","slug":"petite-maison-yagdan-sut-temizleyici","status":"publish","type":"product","link":"https:\/\/petitemaisonglobal.com\/tr\/urun\/petite-maison-yagdan-sut-temizleyici\/","title":{"rendered":"Petite Maison <br> G\u00f6z Makyaj\u0131 Temizleyici <br>"},"content":{"rendered":"","protected":false},"excerpt":{"rendered":"<h6><strong>Bu \u00fcr\u00fcn, tazelenmi\u015f ve temiz bir cilt i\u00e7in ya\u011fl\u0131 bir kal\u0131nt\u0131 b\u0131rakmadan su ge\u00e7irmez g\u00f6z makyaj\u0131n\u0131 rahat\u00e7a \u00e7\u0131kar\u0131r. Benzersiz form\u00fcl\u00fc cildi tazeleyen Pembe Pomelo \u00f6z\u00fc ile zenginle\u015ftirilmi\u015ftir.<\/strong><\/h6>","protected":false},"featured_media":710,"template":"","meta":[],"product_brand":[],"product_cat":[40,37],"product_tag":[],"class_list":{"0":"post-430","1":"product","2":"type-product","3":"status-publish","4":"has-post-thumbnail","6":"product_cat-cleansing-products","7":"product_cat-skin-care","9":"first","10":"instock","11":"shipping-taxable","12":"product-type-simple"},"_links":{"self":[{"href":"https:\/\/petitemaisonglobal.com\/tr\/wp-json\/wp\/v2\/product\/430","targetHints":{"allow":["GET"]}}],"collection":[{"href":"https:\/\/petitemaisonglobal.com\/tr\/wp-json\/wp\/v2\/product"}],"about":[{"href":"https:\/\/petitemaisonglobal.com\/tr\/wp-json\/wp\/v2\/types\/product"}],"wp:featuredmedia":[{"embeddable":true,"href":"https:\/\/petitemaisonglobal.com\/tr\/wp-json\/wp\/v2\/media\/710"}],"wp:attachment":[{"href":"https:\/\/petitemaisonglobal.com\/tr\/wp-json\/wp\/v2\/media?parent=430"}],"wp:term":[{"taxonomy":"product_brand","embeddable":true,"href":"https:\/\/petitemaisonglobal.com\/tr\/wp-json\/wp\/v2\/product_brand?post=430"},{"taxonomy":"product_cat","embeddable":true,"href":"https:\/\/petitemaisonglobal.com\/tr\/wp-json\/wp\/v2\/product_cat?post=430"},{"taxonomy":"product_tag","embeddable":true,"href":"https:\/\/petitemaisonglobal.com\/tr\/wp-json\/wp\/v2\/product_tag?post=430"}],"curies":[{"name":"wp","href":"https:\/\/api.w.org\/{rel}","templated":true}]}}