{"id":419,"date":"2022-10-25T11:50:57","date_gmt":"2022-10-25T11:50:57","guid":{"rendered":"https:\/\/petitemaisonglobal.com\/?post_type=product&#038;p=419"},"modified":"2025-04-11T11:05:21","modified_gmt":"2025-04-11T08:05:21","slug":"petite-maison-misel-su","status":"publish","type":"product","link":"https:\/\/petitemaisonglobal.com\/tr\/urun\/petite-maison-misel-su\/","title":{"rendered":"Petite Maison <br> Micellar Water <br>"},"content":{"rendered":"","protected":false},"excerpt":{"rendered":"<h6><strong>Bu M\u00fckemmel Micellar Su cildin y\u00fczeyindeki t\u00fcm kirleri ve makyaj\u0131 temizleyerek yumu\u015fak ve temiz bir his b\u0131rak\u0131r. E\u011fer bir doz \u0131\u015f\u0131lt\u0131 ar\u0131yorsan\u0131z, bu nazik temizleyici tam size g\u00f6re.<\/strong><\/h6>","protected":false},"featured_media":681,"template":"","meta":[],"product_brand":[],"product_cat":[40,37],"product_tag":[],"class_list":{"0":"post-419","1":"product","2":"type-product","3":"status-publish","4":"has-post-thumbnail","6":"product_cat-cleansing-products","7":"product_cat-skin-care","9":"first","10":"instock","11":"shipping-taxable","12":"product-type-simple"},"_links":{"self":[{"href":"https:\/\/petitemaisonglobal.com\/tr\/wp-json\/wp\/v2\/product\/419","targetHints":{"allow":["GET"]}}],"collection":[{"href":"https:\/\/petitemaisonglobal.com\/tr\/wp-json\/wp\/v2\/product"}],"about":[{"href":"https:\/\/petitemaisonglobal.com\/tr\/wp-json\/wp\/v2\/types\/product"}],"wp:featuredmedia":[{"embeddable":true,"href":"https:\/\/petitemaisonglobal.com\/tr\/wp-json\/wp\/v2\/media\/681"}],"wp:attachment":[{"href":"https:\/\/petitemaisonglobal.com\/tr\/wp-json\/wp\/v2\/media?parent=419"}],"wp:term":[{"taxonomy":"product_brand","embeddable":true,"href":"https:\/\/petitemaisonglobal.com\/tr\/wp-json\/wp\/v2\/product_brand?post=419"},{"taxonomy":"product_cat","embeddable":true,"href":"https:\/\/petitemaisonglobal.com\/tr\/wp-json\/wp\/v2\/product_cat?post=419"},{"taxonomy":"product_tag","embeddable":true,"href":"https:\/\/petitemaisonglobal.com\/tr\/wp-json\/wp\/v2\/product_tag?post=419"}],"curies":[{"name":"wp","href":"https:\/\/api.w.org\/{rel}","templated":true}]}}