{"id":392,"date":"2022-10-25T10:45:03","date_gmt":"2022-10-25T10:45:03","guid":{"rendered":"http:\/\/petitemaisonglobal.com\/?post_type=product&#038;p=392"},"modified":"2023-08-02T11:08:04","modified_gmt":"2023-08-02T11:08:04","slug":"petite-maison-aydinlatici-yaprak-maske","status":"publish","type":"product","link":"https:\/\/petitemaisonglobal.com\/tr\/urun\/petite-maison-aydinlatici-yaprak-maske\/","title":{"rendered":"Petite Maison <br> Parlat\u0131c\u0131 Ka\u011f\u0131t Y\u00fcz Maskesi <br>"},"content":{"rendered":"","protected":false},"excerpt":{"rendered":"<h6><strong>G\u00fczellik sadece nas\u0131l g\u00f6r\u00fcnd\u00fc\u011f\u00fcn\u00fczle ilgili de\u011fil, ayn\u0131 zamanda nas\u0131l H\u0130SSETT\u0130\u011e\u0130N\u0130ZLE de ilgilidir... Premium ya\u015flanma kar\u015f\u0131t\u0131 y\u00fcz maskemizle kendinizi \u0130Y\u0130 H\u0130SSED\u0130N.<\/strong><\/h6>","protected":false},"featured_media":867,"template":"","meta":[],"product_brand":[],"product_cat":[38,37],"product_tag":[],"class_list":{"0":"post-392","1":"product","2":"type-product","3":"status-publish","4":"has-post-thumbnail","6":"product_cat-facial-sheet-mask","7":"product_cat-skin-care","9":"first","10":"instock","11":"shipping-taxable","12":"product-type-simple"},"_links":{"self":[{"href":"https:\/\/petitemaisonglobal.com\/tr\/wp-json\/wp\/v2\/product\/392","targetHints":{"allow":["GET"]}}],"collection":[{"href":"https:\/\/petitemaisonglobal.com\/tr\/wp-json\/wp\/v2\/product"}],"about":[{"href":"https:\/\/petitemaisonglobal.com\/tr\/wp-json\/wp\/v2\/types\/product"}],"wp:featuredmedia":[{"embeddable":true,"href":"https:\/\/petitemaisonglobal.com\/tr\/wp-json\/wp\/v2\/media\/867"}],"wp:attachment":[{"href":"https:\/\/petitemaisonglobal.com\/tr\/wp-json\/wp\/v2\/media?parent=392"}],"wp:term":[{"taxonomy":"product_brand","embeddable":true,"href":"https:\/\/petitemaisonglobal.com\/tr\/wp-json\/wp\/v2\/product_brand?post=392"},{"taxonomy":"product_cat","embeddable":true,"href":"https:\/\/petitemaisonglobal.com\/tr\/wp-json\/wp\/v2\/product_cat?post=392"},{"taxonomy":"product_tag","embeddable":true,"href":"https:\/\/petitemaisonglobal.com\/tr\/wp-json\/wp\/v2\/product_tag?post=392"}],"curies":[{"name":"wp","href":"https:\/\/api.w.org\/{rel}","templated":true}]}}