{"id":391,"date":"2022-10-25T10:45:00","date_gmt":"2022-10-25T10:45:00","guid":{"rendered":"http:\/\/petitemaisonglobal.com\/?post_type=product&#038;p=391"},"modified":"2025-06-30T11:25:20","modified_gmt":"2025-06-30T08:25:20","slug":"petite-maison-nemlendirici-yaprak-maske","status":"publish","type":"product","link":"https:\/\/petitemaisonglobal.com\/tr\/urun\/petite-maison-nemlendirici-yaprak-maske\/","title":{"rendered":"Petite Maison <br> Nemlendirici Ka\u011f\u0131t Y\u00fcz Maskesi <br>"},"content":{"rendered":"","protected":false},"excerpt":{"rendered":"<h6><strong>Panthenol ve Hyaluronik Asit cildin tahri\u015f olmu\u015f b\u00f6lgelerini beslemeye ve yat\u0131\u015ft\u0131rmaya yard\u0131mc\u0131 olur. Cilt m\u00fckemmel yumu\u015fakl\u0131kta, p\u00fcr\u00fczs\u00fcz ve do\u011fal olarak g\u00fczel hissedilir.<\/strong><\/h6>","protected":false},"featured_media":700,"template":"","meta":[],"product_brand":[],"product_cat":[38,37],"product_tag":[],"class_list":{"0":"post-391","1":"product","2":"type-product","3":"status-publish","4":"has-post-thumbnail","6":"product_cat-facial-sheet-mask","7":"product_cat-skin-care","9":"first","10":"instock","11":"shipping-taxable","12":"product-type-simple"},"_links":{"self":[{"href":"https:\/\/petitemaisonglobal.com\/tr\/wp-json\/wp\/v2\/product\/391","targetHints":{"allow":["GET"]}}],"collection":[{"href":"https:\/\/petitemaisonglobal.com\/tr\/wp-json\/wp\/v2\/product"}],"about":[{"href":"https:\/\/petitemaisonglobal.com\/tr\/wp-json\/wp\/v2\/types\/product"}],"wp:featuredmedia":[{"embeddable":true,"href":"https:\/\/petitemaisonglobal.com\/tr\/wp-json\/wp\/v2\/media\/700"}],"wp:attachment":[{"href":"https:\/\/petitemaisonglobal.com\/tr\/wp-json\/wp\/v2\/media?parent=391"}],"wp:term":[{"taxonomy":"product_brand","embeddable":true,"href":"https:\/\/petitemaisonglobal.com\/tr\/wp-json\/wp\/v2\/product_brand?post=391"},{"taxonomy":"product_cat","embeddable":true,"href":"https:\/\/petitemaisonglobal.com\/tr\/wp-json\/wp\/v2\/product_cat?post=391"},{"taxonomy":"product_tag","embeddable":true,"href":"https:\/\/petitemaisonglobal.com\/tr\/wp-json\/wp\/v2\/product_tag?post=391"}],"curies":[{"name":"wp","href":"https:\/\/api.w.org\/{rel}","templated":true}]}}