{"id":390,"date":"2022-10-25T10:44:58","date_gmt":"2022-10-25T10:44:58","guid":{"rendered":"http:\/\/petitemaisonglobal.com\/?post_type=product&#038;p=390"},"modified":"2023-08-02T11:08:23","modified_gmt":"2023-08-02T11:08:23","slug":"petite-maison-arindirici-yaprak-maske","status":"publish","type":"product","link":"https:\/\/petitemaisonglobal.com\/tr\/urun\/petite-maison-arindirici-yaprak-maske\/","title":{"rendered":"Petite Maison <br> Ar\u0131nd\u0131r\u0131c\u0131 Ka\u011f\u0131t Y\u00fcz Maskesi <br>"},"content":{"rendered":"","protected":false},"excerpt":{"rendered":"<h6><strong>\u00d6zel olarak form\u00fcle edilmi\u015f bu ka\u011f\u0131t maske, cildinizi ar\u0131nd\u0131rmaya yard\u0131mc\u0131 olmak i\u00e7in Pembe Pomelo \u00d6z\u00fc ile zenginle\u015ftirilmi\u015ftir. K\u00f6m\u00fcr y\u00fcz maskesi, cildinizi detoks etmek ve canland\u0131rmak i\u00e7in cilt kurtar\u0131c\u0131 bir \u00e7\u00f6z\u00fcmd\u00fcr.<\/strong><\/h6>","protected":false},"featured_media":701,"template":"","meta":[],"product_brand":[],"product_cat":[38,37],"product_tag":[],"class_list":{"0":"post-390","1":"product","2":"type-product","3":"status-publish","4":"has-post-thumbnail","6":"product_cat-facial-sheet-mask","7":"product_cat-skin-care","9":"first","10":"instock","11":"shipping-taxable","12":"product-type-simple"},"_links":{"self":[{"href":"https:\/\/petitemaisonglobal.com\/tr\/wp-json\/wp\/v2\/product\/390","targetHints":{"allow":["GET"]}}],"collection":[{"href":"https:\/\/petitemaisonglobal.com\/tr\/wp-json\/wp\/v2\/product"}],"about":[{"href":"https:\/\/petitemaisonglobal.com\/tr\/wp-json\/wp\/v2\/types\/product"}],"wp:featuredmedia":[{"embeddable":true,"href":"https:\/\/petitemaisonglobal.com\/tr\/wp-json\/wp\/v2\/media\/701"}],"wp:attachment":[{"href":"https:\/\/petitemaisonglobal.com\/tr\/wp-json\/wp\/v2\/media?parent=390"}],"wp:term":[{"taxonomy":"product_brand","embeddable":true,"href":"https:\/\/petitemaisonglobal.com\/tr\/wp-json\/wp\/v2\/product_brand?post=390"},{"taxonomy":"product_cat","embeddable":true,"href":"https:\/\/petitemaisonglobal.com\/tr\/wp-json\/wp\/v2\/product_cat?post=390"},{"taxonomy":"product_tag","embeddable":true,"href":"https:\/\/petitemaisonglobal.com\/tr\/wp-json\/wp\/v2\/product_tag?post=390"}],"curies":[{"name":"wp","href":"https:\/\/api.w.org\/{rel}","templated":true}]}}