{"id":389,"date":"2022-10-25T10:44:56","date_gmt":"2022-10-25T10:44:56","guid":{"rendered":"http:\/\/petitemaisonglobal.com\/?post_type=product&#038;p=389"},"modified":"2023-08-02T11:08:35","modified_gmt":"2023-08-02T11:08:35","slug":"petite-maison-zaman-ayarli-yaprak-maske","status":"publish","type":"product","link":"https:\/\/petitemaisonglobal.com\/tr\/urun\/petite-maison-zaman-ayarli-yaprak-maske\/","title":{"rendered":"Petite Maison <br> Enerji Veren Ka\u011f\u0131t Y\u00fcz Maskesi <br>"},"content":{"rendered":"","protected":false},"excerpt":{"rendered":"<div class=\"product-details-content\">\n<div class=\"content-box\">\n<div class=\"content-text\">\n<h6><strong>Bu ka\u011f\u0131t maske sadece s\u00fcper enerji verici olmakla kalmaz, ayn\u0131 zamanda cildinizi derinlemesine besler. Cilt canlanm\u0131\u015f ve do\u011fal olarak g\u00fczel hissedilir.<\/strong><\/h6>\n<\/div>\n<\/div>\n<\/div>","protected":false},"featured_media":702,"template":"","meta":[],"product_brand":[],"product_cat":[38,37],"product_tag":[],"class_list":{"0":"post-389","1":"product","2":"type-product","3":"status-publish","4":"has-post-thumbnail","6":"product_cat-facial-sheet-mask","7":"product_cat-skin-care","9":"first","10":"instock","11":"shipping-taxable","12":"product-type-simple"},"_links":{"self":[{"href":"https:\/\/petitemaisonglobal.com\/tr\/wp-json\/wp\/v2\/product\/389","targetHints":{"allow":["GET"]}}],"collection":[{"href":"https:\/\/petitemaisonglobal.com\/tr\/wp-json\/wp\/v2\/product"}],"about":[{"href":"https:\/\/petitemaisonglobal.com\/tr\/wp-json\/wp\/v2\/types\/product"}],"wp:featuredmedia":[{"embeddable":true,"href":"https:\/\/petitemaisonglobal.com\/tr\/wp-json\/wp\/v2\/media\/702"}],"wp:attachment":[{"href":"https:\/\/petitemaisonglobal.com\/tr\/wp-json\/wp\/v2\/media?parent=389"}],"wp:term":[{"taxonomy":"product_brand","embeddable":true,"href":"https:\/\/petitemaisonglobal.com\/tr\/wp-json\/wp\/v2\/product_brand?post=389"},{"taxonomy":"product_cat","embeddable":true,"href":"https:\/\/petitemaisonglobal.com\/tr\/wp-json\/wp\/v2\/product_cat?post=389"},{"taxonomy":"product_tag","embeddable":true,"href":"https:\/\/petitemaisonglobal.com\/tr\/wp-json\/wp\/v2\/product_tag?post=389"}],"curies":[{"name":"wp","href":"https:\/\/api.w.org\/{rel}","templated":true}]}}