{"id":368,"date":"2022-10-25T10:24:29","date_gmt":"2022-10-25T10:24:29","guid":{"rendered":"http:\/\/petitemaisonglobal.com\/?post_type=product&#038;p=368"},"modified":"2025-04-14T11:04:44","modified_gmt":"2025-04-14T08:04:44","slug":"petite-maison-zaman-ayarli-kumas-maske","status":"publish","type":"product","link":"https:\/\/petitemaisonglobal.com\/tr\/urun\/petite-maison-zaman-ayarli-kumas-maske\/","title":{"rendered":"Petite Maison <br> Zaman\u0131 Yava\u015flat Ka\u011f\u0131t Y\u00fcz Maskesi <br>"},"content":{"rendered":"","protected":false},"excerpt":{"rendered":"<h6><strong>G\u00fczellik sadece nas\u0131l g\u00f6r\u00fcnd\u00fc\u011f\u00fcn\u00fczle ilgili de\u011fil, ayn\u0131 zamanda nas\u0131l H\u0130SSETT\u0130\u011e\u0130N\u0130ZLE de ilgilidir... Premium ya\u015flanma kar\u015f\u0131t\u0131 y\u00fcz maskemizle kendinizi \u0130Y\u0130 H\u0130SSED\u0130N.<\/strong><\/h6>","protected":false},"featured_media":703,"template":"","meta":[],"product_brand":[],"product_cat":[38,37],"product_tag":[],"class_list":{"0":"post-368","1":"product","2":"type-product","3":"status-publish","4":"has-post-thumbnail","6":"product_cat-facial-sheet-mask","7":"product_cat-skin-care","9":"first","10":"instock","11":"shipping-taxable","12":"product-type-simple"},"_links":{"self":[{"href":"https:\/\/petitemaisonglobal.com\/tr\/wp-json\/wp\/v2\/product\/368","targetHints":{"allow":["GET"]}}],"collection":[{"href":"https:\/\/petitemaisonglobal.com\/tr\/wp-json\/wp\/v2\/product"}],"about":[{"href":"https:\/\/petitemaisonglobal.com\/tr\/wp-json\/wp\/v2\/types\/product"}],"wp:featuredmedia":[{"embeddable":true,"href":"https:\/\/petitemaisonglobal.com\/tr\/wp-json\/wp\/v2\/media\/703"}],"wp:attachment":[{"href":"https:\/\/petitemaisonglobal.com\/tr\/wp-json\/wp\/v2\/media?parent=368"}],"wp:term":[{"taxonomy":"product_brand","embeddable":true,"href":"https:\/\/petitemaisonglobal.com\/tr\/wp-json\/wp\/v2\/product_brand?post=368"},{"taxonomy":"product_cat","embeddable":true,"href":"https:\/\/petitemaisonglobal.com\/tr\/wp-json\/wp\/v2\/product_cat?post=368"},{"taxonomy":"product_tag","embeddable":true,"href":"https:\/\/petitemaisonglobal.com\/tr\/wp-json\/wp\/v2\/product_tag?post=368"}],"curies":[{"name":"wp","href":"https:\/\/api.w.org\/{rel}","templated":true}]}}