{"id":367,"date":"2022-10-25T10:24:25","date_gmt":"2022-10-25T10:24:25","guid":{"rendered":"http:\/\/petitemaisonglobal.com\/?post_type=product&#038;p=367"},"modified":"2023-08-02T11:10:41","modified_gmt":"2023-08-02T11:10:41","slug":"petite-maison-detoks-yapici-kumas-maske","status":"publish","type":"product","link":"https:\/\/petitemaisonglobal.com\/tr\/urun\/petite-maison-detoks-yapici-kumas-maske\/","title":{"rendered":"Petite Maison <br> Detoks Etkili Ka\u011f\u0131t Y\u00fcz Maskesi <br>"},"content":{"rendered":"","protected":false},"excerpt":{"rendered":"<h6><strong>Ger\u00e7ek g\u00fczelli\u011finizi yeniden ke\u015ffedin... Kirleri emer ve cildi ar\u0131nd\u0131r\u0131r. G\u00f6zenekleri k\u00fc\u00e7\u00fclt\u00fcr, cildi p\u00fcr\u00fczs\u00fczle\u015ftirir ve parlak bir cilt b\u0131rak\u0131r.<\/strong><\/h6>","protected":false},"featured_media":704,"template":"","meta":[],"product_brand":[],"product_cat":[38,37],"product_tag":[],"class_list":{"0":"post-367","1":"product","2":"type-product","3":"status-publish","4":"has-post-thumbnail","6":"product_cat-facial-sheet-mask","7":"product_cat-skin-care","9":"first","10":"instock","11":"shipping-taxable","12":"product-type-simple"},"_links":{"self":[{"href":"https:\/\/petitemaisonglobal.com\/tr\/wp-json\/wp\/v2\/product\/367","targetHints":{"allow":["GET"]}}],"collection":[{"href":"https:\/\/petitemaisonglobal.com\/tr\/wp-json\/wp\/v2\/product"}],"about":[{"href":"https:\/\/petitemaisonglobal.com\/tr\/wp-json\/wp\/v2\/types\/product"}],"wp:featuredmedia":[{"embeddable":true,"href":"https:\/\/petitemaisonglobal.com\/tr\/wp-json\/wp\/v2\/media\/704"}],"wp:attachment":[{"href":"https:\/\/petitemaisonglobal.com\/tr\/wp-json\/wp\/v2\/media?parent=367"}],"wp:term":[{"taxonomy":"product_brand","embeddable":true,"href":"https:\/\/petitemaisonglobal.com\/tr\/wp-json\/wp\/v2\/product_brand?post=367"},{"taxonomy":"product_cat","embeddable":true,"href":"https:\/\/petitemaisonglobal.com\/tr\/wp-json\/wp\/v2\/product_cat?post=367"},{"taxonomy":"product_tag","embeddable":true,"href":"https:\/\/petitemaisonglobal.com\/tr\/wp-json\/wp\/v2\/product_tag?post=367"}],"curies":[{"name":"wp","href":"https:\/\/api.w.org\/{rel}","templated":true}]}}