{"id":366,"date":"2022-10-25T10:24:21","date_gmt":"2022-10-25T10:24:21","guid":{"rendered":"http:\/\/petitemaisonglobal.com\/?post_type=product&#038;p=366"},"modified":"2023-08-02T10:59:11","modified_gmt":"2023-08-02T10:59:11","slug":"petite-maison-aktif-karbon-camur-maskesi-10-ml","status":"publish","type":"product","link":"https:\/\/petitemaisonglobal.com\/tr\/urun\/petite-maison-aktif-karbon-camur-maskesi-10-ml\/","title":{"rendered":"Petite Maison <br> K\u00f6m\u00fcrl\u00fc \u00c7amur Y\u00fcz Maskesi <br>"},"content":{"rendered":"","protected":false},"excerpt":{"rendered":"<h6><strong>K\u00f6m\u00fcrl\u00fc \u00e7amur maskesi g\u00fczellik d\u00fcnyas\u0131ndaki en son moda. G\u00f6zenekleri ar\u0131nd\u0131rmak ve en aza indirmek ve cilt kirlili\u011fini \u00f6nlemek i\u00e7in yarat\u0131lm\u0131\u015ft\u0131r. Aktif k\u00f6m\u00fcr ciltteki kiri ar\u0131nd\u0131r\u0131r ve \u00e7eker. Parlak ve temiz bir g\u00f6r\u00fcn\u00fcm vererek cildi nazik\u00e7e eksfoliye eder.<\/strong><\/h6>","protected":false},"featured_media":686,"template":"","meta":[],"product_brand":[],"product_cat":[39,37],"product_tag":[],"class_list":{"0":"post-366","1":"product","2":"type-product","3":"status-publish","4":"has-post-thumbnail","6":"product_cat-peeling-masks","7":"product_cat-skin-care","9":"first","10":"instock","11":"shipping-taxable","12":"product-type-simple"},"_links":{"self":[{"href":"https:\/\/petitemaisonglobal.com\/tr\/wp-json\/wp\/v2\/product\/366","targetHints":{"allow":["GET"]}}],"collection":[{"href":"https:\/\/petitemaisonglobal.com\/tr\/wp-json\/wp\/v2\/product"}],"about":[{"href":"https:\/\/petitemaisonglobal.com\/tr\/wp-json\/wp\/v2\/types\/product"}],"wp:featuredmedia":[{"embeddable":true,"href":"https:\/\/petitemaisonglobal.com\/tr\/wp-json\/wp\/v2\/media\/686"}],"wp:attachment":[{"href":"https:\/\/petitemaisonglobal.com\/tr\/wp-json\/wp\/v2\/media?parent=366"}],"wp:term":[{"taxonomy":"product_brand","embeddable":true,"href":"https:\/\/petitemaisonglobal.com\/tr\/wp-json\/wp\/v2\/product_brand?post=366"},{"taxonomy":"product_cat","embeddable":true,"href":"https:\/\/petitemaisonglobal.com\/tr\/wp-json\/wp\/v2\/product_cat?post=366"},{"taxonomy":"product_tag","embeddable":true,"href":"https:\/\/petitemaisonglobal.com\/tr\/wp-json\/wp\/v2\/product_tag?post=366"}],"curies":[{"name":"wp","href":"https:\/\/api.w.org\/{rel}","templated":true}]}}