{"id":310,"date":"2022-04-28T08:54:08","date_gmt":"2022-04-28T08:54:08","guid":{"rendered":"https:\/\/themes.muffingroup.com\/be\/jeweler2\/?post_type=product&#038;p=310"},"modified":"2023-08-02T10:57:59","modified_gmt":"2023-08-02T10:57:59","slug":"petite-maison-hava-kirliligine-karsi-soyulabilir-maske","status":"publish","type":"product","link":"https:\/\/petitemaisonglobal.com\/tr\/urun\/petite-maison-hava-kirliligine-karsi-soyulabilir-maske\/","title":{"rendered":"Petite Maison <br> Ar\u0131nd\u0131r\u0131c\u0131 Peel Off Maske <br>"},"content":{"rendered":"","protected":false},"excerpt":{"rendered":"<h6><strong>Petite Maison Purifying Peel Off Black Mask, enriched formula with Bamboo Charcoal Powder and Grape Seed Extract, boosts skin clarity and minimize the appearance of pores while Pink Pomelo Extract helps to maintain smooth and vibrant skin.<\/strong><\/h6>","protected":false},"featured_media":705,"template":"","meta":[],"product_brand":[],"product_cat":[39,37],"product_tag":[],"class_list":{"0":"post-310","1":"product","2":"type-product","3":"status-publish","4":"has-post-thumbnail","6":"product_cat-peeling-masks","7":"product_cat-skin-care","9":"first","10":"instock","11":"shipping-taxable","12":"product-type-simple"},"_links":{"self":[{"href":"https:\/\/petitemaisonglobal.com\/tr\/wp-json\/wp\/v2\/product\/310","targetHints":{"allow":["GET"]}}],"collection":[{"href":"https:\/\/petitemaisonglobal.com\/tr\/wp-json\/wp\/v2\/product"}],"about":[{"href":"https:\/\/petitemaisonglobal.com\/tr\/wp-json\/wp\/v2\/types\/product"}],"wp:featuredmedia":[{"embeddable":true,"href":"https:\/\/petitemaisonglobal.com\/tr\/wp-json\/wp\/v2\/media\/705"}],"wp:attachment":[{"href":"https:\/\/petitemaisonglobal.com\/tr\/wp-json\/wp\/v2\/media?parent=310"}],"wp:term":[{"taxonomy":"product_brand","embeddable":true,"href":"https:\/\/petitemaisonglobal.com\/tr\/wp-json\/wp\/v2\/product_brand?post=310"},{"taxonomy":"product_cat","embeddable":true,"href":"https:\/\/petitemaisonglobal.com\/tr\/wp-json\/wp\/v2\/product_cat?post=310"},{"taxonomy":"product_tag","embeddable":true,"href":"https:\/\/petitemaisonglobal.com\/tr\/wp-json\/wp\/v2\/product_tag?post=310"}],"curies":[{"name":"wp","href":"https:\/\/api.w.org\/{rel}","templated":true}]}}