{"id":1935,"date":"2025-06-28T10:40:06","date_gmt":"2025-06-28T07:40:06","guid":{"rendered":"https:\/\/petitemaisonglobal.com\/?post_type=product&#038;p=1935"},"modified":"2026-01-06T12:17:00","modified_gmt":"2026-01-06T09:17:00","slug":"petite-maison-parlaklik-ve-nem-sac-maskesi","status":"publish","type":"product","link":"https:\/\/petitemaisonglobal.com\/tr\/urun\/petite-maison-parlaklik-ve-nem-sac-maskesi\/","title":{"rendered":"Petite Maison <br> Parlakl\u0131k Veren Nemlendirici Sa\u00e7 Bak\u0131m Maskesi"},"content":{"rendered":"","protected":false},"excerpt":{"rendered":"<h6><strong>Petite Maison Shine &amp; Moisture Hair Care Mask: Specially developed for dry and lifeless hair, it provides intense moisturization from root to tip.<\/strong><\/h6>","protected":false},"featured_media":1933,"template":"","meta":[],"product_brand":[],"product_cat":[282,55],"product_tag":[],"class_list":{"0":"post-1935","1":"product","2":"type-product","3":"status-publish","4":"has-post-thumbnail","6":"product_cat-hair-mask","7":"product_cat-hair-products","9":"first","10":"instock","11":"shipping-taxable","12":"product-type-simple"},"_links":{"self":[{"href":"https:\/\/petitemaisonglobal.com\/tr\/wp-json\/wp\/v2\/product\/1935","targetHints":{"allow":["GET"]}}],"collection":[{"href":"https:\/\/petitemaisonglobal.com\/tr\/wp-json\/wp\/v2\/product"}],"about":[{"href":"https:\/\/petitemaisonglobal.com\/tr\/wp-json\/wp\/v2\/types\/product"}],"wp:featuredmedia":[{"embeddable":true,"href":"https:\/\/petitemaisonglobal.com\/tr\/wp-json\/wp\/v2\/media\/1933"}],"wp:attachment":[{"href":"https:\/\/petitemaisonglobal.com\/tr\/wp-json\/wp\/v2\/media?parent=1935"}],"wp:term":[{"taxonomy":"product_brand","embeddable":true,"href":"https:\/\/petitemaisonglobal.com\/tr\/wp-json\/wp\/v2\/product_brand?post=1935"},{"taxonomy":"product_cat","embeddable":true,"href":"https:\/\/petitemaisonglobal.com\/tr\/wp-json\/wp\/v2\/product_cat?post=1935"},{"taxonomy":"product_tag","embeddable":true,"href":"https:\/\/petitemaisonglobal.com\/tr\/wp-json\/wp\/v2\/product_tag?post=1935"}],"curies":[{"name":"wp","href":"https:\/\/api.w.org\/{rel}","templated":true}]}}