{"id":1894,"date":"2025-07-02T10:59:22","date_gmt":"2025-07-02T07:59:22","guid":{"rendered":"https:\/\/petitemaisonglobal.com\/?post_type=product&#038;p=1894"},"modified":"2026-01-06T11:42:27","modified_gmt":"2026-01-06T08:42:27","slug":"petite-maison-hindistan-cevizi-sutlu-sac-spreyi","status":"publish","type":"product","link":"https:\/\/petitemaisonglobal.com\/tr\/urun\/petite-maison-hindistan-cevizi-sutlu-sac-spreyi\/","title":{"rendered":"Petite Maison <br> Nemlendirici Hindistan Cevizi S\u00fct\u00fc Sa\u00e7 Parf\u00fcm\u00fc"},"content":{"rendered":"","protected":false},"excerpt":{"rendered":"<h6><strong>Petite Maison Moisturizing Coconut Milk Hair Mist helps your hair to get a hydration and smooth appearance.<\/strong><\/h6>","protected":false},"featured_media":5036,"template":"","meta":[],"product_brand":[],"product_cat":[284,55],"product_tag":[],"class_list":{"0":"post-1894","1":"product","2":"type-product","3":"status-publish","4":"has-post-thumbnail","6":"product_cat-hair-mist","7":"product_cat-hair-products","9":"first","10":"instock","11":"shipping-taxable","12":"product-type-simple"},"_links":{"self":[{"href":"https:\/\/petitemaisonglobal.com\/tr\/wp-json\/wp\/v2\/product\/1894","targetHints":{"allow":["GET"]}}],"collection":[{"href":"https:\/\/petitemaisonglobal.com\/tr\/wp-json\/wp\/v2\/product"}],"about":[{"href":"https:\/\/petitemaisonglobal.com\/tr\/wp-json\/wp\/v2\/types\/product"}],"wp:featuredmedia":[{"embeddable":true,"href":"https:\/\/petitemaisonglobal.com\/tr\/wp-json\/wp\/v2\/media\/5036"}],"wp:attachment":[{"href":"https:\/\/petitemaisonglobal.com\/tr\/wp-json\/wp\/v2\/media?parent=1894"}],"wp:term":[{"taxonomy":"product_brand","embeddable":true,"href":"https:\/\/petitemaisonglobal.com\/tr\/wp-json\/wp\/v2\/product_brand?post=1894"},{"taxonomy":"product_cat","embeddable":true,"href":"https:\/\/petitemaisonglobal.com\/tr\/wp-json\/wp\/v2\/product_cat?post=1894"},{"taxonomy":"product_tag","embeddable":true,"href":"https:\/\/petitemaisonglobal.com\/tr\/wp-json\/wp\/v2\/product_tag?post=1894"}],"curies":[{"name":"wp","href":"https:\/\/api.w.org\/{rel}","templated":true}]}}