{"id":1891,"date":"2025-07-03T10:18:13","date_gmt":"2025-07-03T07:18:13","guid":{"rendered":"https:\/\/petitemaisonglobal.com\/?post_type=product&#038;p=1891"},"modified":"2026-01-02T12:17:26","modified_gmt":"2026-01-02T09:17:26","slug":"petite-maison-hindistan-cevizi-sutlu-sac-serumu","status":"publish","type":"product","link":"https:\/\/petitemaisonglobal.com\/tr\/urun\/petite-maison-hindistan-cevizi-sutlu-sac-serumu\/","title":{"rendered":"Petite Maison <br> Nemlendirici Hindistan Cevizi S\u00fct\u00fc Sa\u00e7 Serumu"},"content":{"rendered":"","protected":false},"excerpt":{"rendered":"<h6><strong>Petite Maison Moisturizing Coconut Milk Hair Serum helps your hair gain silky softness and shine.<\/strong><\/h6>","protected":false},"featured_media":5000,"template":"","meta":[],"product_brand":[],"product_cat":[55,283],"product_tag":[],"class_list":{"0":"post-1891","1":"product","2":"type-product","3":"status-publish","4":"has-post-thumbnail","6":"product_cat-hair-products","7":"product_cat-hair-serum","9":"first","10":"instock","11":"shipping-taxable","12":"product-type-simple"},"_links":{"self":[{"href":"https:\/\/petitemaisonglobal.com\/tr\/wp-json\/wp\/v2\/product\/1891","targetHints":{"allow":["GET"]}}],"collection":[{"href":"https:\/\/petitemaisonglobal.com\/tr\/wp-json\/wp\/v2\/product"}],"about":[{"href":"https:\/\/petitemaisonglobal.com\/tr\/wp-json\/wp\/v2\/types\/product"}],"wp:featuredmedia":[{"embeddable":true,"href":"https:\/\/petitemaisonglobal.com\/tr\/wp-json\/wp\/v2\/media\/5000"}],"wp:attachment":[{"href":"https:\/\/petitemaisonglobal.com\/tr\/wp-json\/wp\/v2\/media?parent=1891"}],"wp:term":[{"taxonomy":"product_brand","embeddable":true,"href":"https:\/\/petitemaisonglobal.com\/tr\/wp-json\/wp\/v2\/product_brand?post=1891"},{"taxonomy":"product_cat","embeddable":true,"href":"https:\/\/petitemaisonglobal.com\/tr\/wp-json\/wp\/v2\/product_cat?post=1891"},{"taxonomy":"product_tag","embeddable":true,"href":"https:\/\/petitemaisonglobal.com\/tr\/wp-json\/wp\/v2\/product_tag?post=1891"}],"curies":[{"name":"wp","href":"https:\/\/api.w.org\/{rel}","templated":true}]}}