{"id":1863,"date":"2025-06-19T10:14:34","date_gmt":"2025-06-19T07:14:34","guid":{"rendered":"https:\/\/petitemaisonglobal.com\/?post_type=product&#038;p=1863"},"modified":"2025-06-27T09:33:25","modified_gmt":"2025-06-27T06:33:25","slug":"petite-maison-nemlendirici-matte-sut-serum","status":"publish","type":"product","link":"https:\/\/petitemaisonglobal.com\/tr\/urun\/petite-maison-nemlendirici-matte-sut-serum\/","title":{"rendered":"Petite Maison <br> Nemlendirici ve Matla\u015ft\u0131r\u0131c\u0131 S\u00fct Serumu"},"content":{"rendered":"","protected":false},"excerpt":{"rendered":"<h6><strong>Petite Maison Moisturizing Mattifying Milk Serum controls the shine on your skin with its ingredients. <\/strong><\/h6>","protected":false},"featured_media":1903,"template":"","meta":[],"product_brand":[],"product_cat":[41,37],"product_tag":[],"class_list":{"0":"post-1863","1":"product","2":"type-product","3":"status-publish","4":"has-post-thumbnail","6":"product_cat-moisturizers-serums","7":"product_cat-skin-care","9":"first","10":"instock","11":"shipping-taxable","12":"product-type-simple"},"_links":{"self":[{"href":"https:\/\/petitemaisonglobal.com\/tr\/wp-json\/wp\/v2\/product\/1863","targetHints":{"allow":["GET"]}}],"collection":[{"href":"https:\/\/petitemaisonglobal.com\/tr\/wp-json\/wp\/v2\/product"}],"about":[{"href":"https:\/\/petitemaisonglobal.com\/tr\/wp-json\/wp\/v2\/types\/product"}],"wp:featuredmedia":[{"embeddable":true,"href":"https:\/\/petitemaisonglobal.com\/tr\/wp-json\/wp\/v2\/media\/1903"}],"wp:attachment":[{"href":"https:\/\/petitemaisonglobal.com\/tr\/wp-json\/wp\/v2\/media?parent=1863"}],"wp:term":[{"taxonomy":"product_brand","embeddable":true,"href":"https:\/\/petitemaisonglobal.com\/tr\/wp-json\/wp\/v2\/product_brand?post=1863"},{"taxonomy":"product_cat","embeddable":true,"href":"https:\/\/petitemaisonglobal.com\/tr\/wp-json\/wp\/v2\/product_cat?post=1863"},{"taxonomy":"product_tag","embeddable":true,"href":"https:\/\/petitemaisonglobal.com\/tr\/wp-json\/wp\/v2\/product_tag?post=1863"}],"curies":[{"name":"wp","href":"https:\/\/api.w.org\/{rel}","templated":true}]}}