{"id":1812,"date":"2025-05-26T12:05:25","date_gmt":"2025-05-26T09:05:25","guid":{"rendered":"https:\/\/petitemaisonglobal.com\/?post_type=product&#038;p=1812"},"modified":"2025-06-27T09:31:22","modified_gmt":"2025-06-27T06:31:22","slug":"petite-maison-yagsiz-yuz-kremi","status":"publish","type":"product","link":"https:\/\/petitemaisonglobal.com\/tr\/urun\/petite-maison-yagsiz-yuz-kremi\/","title":{"rendered":"Petite Maison <br> Ya\u011fs\u0131z Y\u00fcz Kremi"},"content":{"rendered":"","protected":false},"excerpt":{"rendered":"<h6><strong>Petite Maison Oil-Free Gel Cream moisturises skin without adding oil, reduces shine from excess sebum, and helps minimize the appearance of pores over time for a refreshed, balanced look.<\/strong><\/h6>","protected":false},"featured_media":1914,"template":"","meta":[],"product_brand":[],"product_cat":[41,37],"product_tag":[],"class_list":{"0":"post-1812","1":"product","2":"type-product","3":"status-publish","4":"has-post-thumbnail","6":"product_cat-moisturizers-serums","7":"product_cat-skin-care","9":"first","10":"instock","11":"shipping-taxable","12":"product-type-simple"},"_links":{"self":[{"href":"https:\/\/petitemaisonglobal.com\/tr\/wp-json\/wp\/v2\/product\/1812","targetHints":{"allow":["GET"]}}],"collection":[{"href":"https:\/\/petitemaisonglobal.com\/tr\/wp-json\/wp\/v2\/product"}],"about":[{"href":"https:\/\/petitemaisonglobal.com\/tr\/wp-json\/wp\/v2\/types\/product"}],"wp:featuredmedia":[{"embeddable":true,"href":"https:\/\/petitemaisonglobal.com\/tr\/wp-json\/wp\/v2\/media\/1914"}],"wp:attachment":[{"href":"https:\/\/petitemaisonglobal.com\/tr\/wp-json\/wp\/v2\/media?parent=1812"}],"wp:term":[{"taxonomy":"product_brand","embeddable":true,"href":"https:\/\/petitemaisonglobal.com\/tr\/wp-json\/wp\/v2\/product_brand?post=1812"},{"taxonomy":"product_cat","embeddable":true,"href":"https:\/\/petitemaisonglobal.com\/tr\/wp-json\/wp\/v2\/product_cat?post=1812"},{"taxonomy":"product_tag","embeddable":true,"href":"https:\/\/petitemaisonglobal.com\/tr\/wp-json\/wp\/v2\/product_tag?post=1812"}],"curies":[{"name":"wp","href":"https:\/\/api.w.org\/{rel}","templated":true}]}}