{"id":1795,"date":"2025-05-22T09:26:20","date_gmt":"2025-05-22T06:26:20","guid":{"rendered":"https:\/\/petitemaisonglobal.com\/?post_type=product&#038;p=1795"},"modified":"2025-07-03T09:56:11","modified_gmt":"2025-07-03T06:56:11","slug":"petite-maison-yuz-temizleme-kopugu","status":"publish","type":"product","link":"https:\/\/petitemaisonglobal.com\/tr\/urun\/petite-maison-yuz-temizleme-kopugu\/","title":{"rendered":"Petite Maison <br> Y\u00fcz Temizleme K\u00f6p\u00fc\u011f\u00fc"},"content":{"rendered":"","protected":false},"excerpt":{"rendered":"<div class=\"product-details-content\">\n<div class=\"content-box\">\n<div class=\"content-text\">\n<p>Petite Maison soft foam textured face cleansing soap, cleans oil and dirt from the pores while helping to maintain the skin&#8217;s natural moisture balance.<\/p>\n<\/div>\n<\/div>\n<\/div>","protected":false},"featured_media":1939,"template":"","meta":[],"product_brand":[],"product_cat":[40,37],"product_tag":[],"class_list":{"0":"post-1795","1":"product","2":"type-product","3":"status-publish","4":"has-post-thumbnail","6":"product_cat-cleansing-products","7":"product_cat-skin-care","9":"first","10":"instock","11":"shipping-taxable","12":"product-type-simple"},"_links":{"self":[{"href":"https:\/\/petitemaisonglobal.com\/tr\/wp-json\/wp\/v2\/product\/1795","targetHints":{"allow":["GET"]}}],"collection":[{"href":"https:\/\/petitemaisonglobal.com\/tr\/wp-json\/wp\/v2\/product"}],"about":[{"href":"https:\/\/petitemaisonglobal.com\/tr\/wp-json\/wp\/v2\/types\/product"}],"wp:featuredmedia":[{"embeddable":true,"href":"https:\/\/petitemaisonglobal.com\/tr\/wp-json\/wp\/v2\/media\/1939"}],"wp:attachment":[{"href":"https:\/\/petitemaisonglobal.com\/tr\/wp-json\/wp\/v2\/media?parent=1795"}],"wp:term":[{"taxonomy":"product_brand","embeddable":true,"href":"https:\/\/petitemaisonglobal.com\/tr\/wp-json\/wp\/v2\/product_brand?post=1795"},{"taxonomy":"product_cat","embeddable":true,"href":"https:\/\/petitemaisonglobal.com\/tr\/wp-json\/wp\/v2\/product_cat?post=1795"},{"taxonomy":"product_tag","embeddable":true,"href":"https:\/\/petitemaisonglobal.com\/tr\/wp-json\/wp\/v2\/product_tag?post=1795"}],"curies":[{"name":"wp","href":"https:\/\/api.w.org\/{rel}","templated":true}]}}