{"id":1017,"date":"2022-12-21T08:46:44","date_gmt":"2022-12-21T08:46:44","guid":{"rendered":"https:\/\/petitemaisonglobal.com\/?post_type=product&#038;p=1017"},"modified":"2023-08-16T17:44:21","modified_gmt":"2023-08-16T17:44:21","slug":"petite-maison-hava-kirliligine-karsi-pariltili-soyulabilir-maske-10-ml","status":"publish","type":"product","link":"https:\/\/petitemaisonglobal.com\/tr\/urun\/petite-maison-hava-kirliligine-karsi-pariltili-soyulabilir-maske-10-ml\/","title":{"rendered":"Petite Maison <br> I\u015f\u0131lt\u0131l\u0131 Kirlilik Kar\u015f\u0131t\u0131 Peel Off Maske <br>"},"content":{"rendered":"","protected":false},"excerpt":{"rendered":"","protected":false},"featured_media":1020,"template":"","meta":[],"product_brand":[],"product_cat":[39,37],"product_tag":[],"class_list":{"0":"post-1017","1":"product","2":"type-product","3":"status-publish","4":"has-post-thumbnail","6":"product_cat-peeling-masks","7":"product_cat-skin-care","9":"first","10":"instock","11":"shipping-taxable","12":"product-type-simple"},"_links":{"self":[{"href":"https:\/\/petitemaisonglobal.com\/tr\/wp-json\/wp\/v2\/product\/1017","targetHints":{"allow":["GET"]}}],"collection":[{"href":"https:\/\/petitemaisonglobal.com\/tr\/wp-json\/wp\/v2\/product"}],"about":[{"href":"https:\/\/petitemaisonglobal.com\/tr\/wp-json\/wp\/v2\/types\/product"}],"wp:featuredmedia":[{"embeddable":true,"href":"https:\/\/petitemaisonglobal.com\/tr\/wp-json\/wp\/v2\/media\/1020"}],"wp:attachment":[{"href":"https:\/\/petitemaisonglobal.com\/tr\/wp-json\/wp\/v2\/media?parent=1017"}],"wp:term":[{"taxonomy":"product_brand","embeddable":true,"href":"https:\/\/petitemaisonglobal.com\/tr\/wp-json\/wp\/v2\/product_brand?post=1017"},{"taxonomy":"product_cat","embeddable":true,"href":"https:\/\/petitemaisonglobal.com\/tr\/wp-json\/wp\/v2\/product_cat?post=1017"},{"taxonomy":"product_tag","embeddable":true,"href":"https:\/\/petitemaisonglobal.com\/tr\/wp-json\/wp\/v2\/product_tag?post=1017"}],"curies":[{"name":"wp","href":"https:\/\/api.w.org\/{rel}","templated":true}]}}