{"id":1696,"date":"2023-12-23T18:14:30","date_gmt":"2023-12-23T18:14:30","guid":{"rendered":"https:\/\/petitemaisonglobal.com\/cart\/"},"modified":"2023-12-23T18:14:30","modified_gmt":"2023-12-23T18:14:30","slug":"sepet","status":"publish","type":"page","link":"https:\/\/petitemaisonglobal.com\/tr\/sepet\/","title":{"rendered":"Cart"},"content":{"rendered":"<div data-block-name=\"woocommerce\/cart\" class=\"wp-block-woocommerce-cart alignwide is-loading\">\n<div data-block-name=\"woocommerce\/filled-cart-block\" class=\"wp-block-woocommerce-filled-cart-block\">\n<div data-block-name=\"woocommerce\/cart-items-block\" class=\"wp-block-woocommerce-cart-items-block\">\n<div data-block-name=\"woocommerce\/cart-line-items-block\" class=\"wp-block-woocommerce-cart-line-items-block\"><\/div>\n\n\n\n<div data-block-name=\"woocommerce\/cart-cross-sells-block\" class=\"wp-block-woocommerce-cart-cross-sells-block\">\n<h2 class=\"wp-block-heading has-large-font-size\">You may be interested in\u2026<\/h2>\n\n\n\n<div data-block-name=\"woocommerce\/cart-cross-sells-products-block\" class=\"wp-block-woocommerce-cart-cross-sells-products-block\"><\/div>\n<\/div>\n<\/div>\n\n\n\n<div data-block-name=\"woocommerce\/cart-totals-block\" class=\"wp-block-woocommerce-cart-totals-block\">\n<div data-block-name=\"woocommerce\/cart-order-summary-block\" class=\"wp-block-woocommerce-cart-order-summary-block\">\n<div data-block-name=\"woocommerce\/cart-order-summary-heading-block\" class=\"wp-block-woocommerce-cart-order-summary-heading-block\"><\/div><div data-block-name=\"woocommerce\/cart-order-summary-coupon-form-block\" class=\"wp-block-woocommerce-cart-order-summary-coupon-form-block\"><\/div><div data-block-name=\"woocommerce\/cart-order-summary-totals-block\" class=\"wp-block-woocommerce-cart-order-summary-totals-block\">\n<div data-block-name=\"woocommerce\/cart-order-summary-subtotal-block\" class=\"wp-block-woocommerce-cart-order-summary-subtotal-block\"><\/div>\n<div data-block-name=\"woocommerce\/cart-order-summary-discount-block\" class=\"wp-block-woocommerce-cart-order-summary-discount-block\"><\/div>\n<div data-block-name=\"woocommerce\/cart-order-summary-fee-block\" class=\"wp-block-woocommerce-cart-order-summary-fee-block\"><\/div>\n<div data-block-name=\"woocommerce\/cart-order-summary-shipping-block\" class=\"wp-block-woocommerce-cart-order-summary-shipping-block\"><\/div>\n<div data-block-name=\"woocommerce\/cart-order-summary-taxes-block\" class=\"wp-block-woocommerce-cart-order-summary-taxes-block\"><\/div><\/div>\n<\/div>\n\n\n\n<div data-block-name=\"woocommerce\/cart-express-payment-block\" class=\"wp-block-woocommerce-cart-express-payment-block\"><\/div>\n\n\n\n<div data-block-name=\"woocommerce\/proceed-to-checkout-block\" class=\"wp-block-woocommerce-proceed-to-checkout-block\"><\/div>\n\n\n\n<div data-block-name=\"woocommerce\/cart-accepted-payment-methods-block\" class=\"wp-block-woocommerce-cart-accepted-payment-methods-block\"><\/div>\n<\/div>\n<\/div>\n\n\n\n<div data-block-name=\"woocommerce\/empty-cart-block\" class=\"wp-block-woocommerce-empty-cart-block\">\n<h2 class=\"wp-block-heading has-text-align-center with-empty-cart-icon wc-block-cart__empty-cart__title\">Your cart is currently empty!<\/h2>\n\n\n\n<hr class=\"wp-block-separator has-alpha-channel-opacity is-style-dots\"\/>\n\n\n\n<h2 class=\"wp-block-heading has-text-align-center\">New in store<\/h2>\n\n\n<div data-block-name=\"woocommerce\/product-new\" data-columns=\"4\" data-rows=\"1\" class=\"wc-block-grid wp-block-product-new wp-block-woocommerce-product-new wc-block-product-new has-4-columns\"><ul class=\"wc-block-grid__products\"><li class=\"wc-block-grid__product\">\n\t\t\t\t<a href=\"https:\/\/petitemaisonglobal.com\/tr\/urun\/petite-maison-nemlendirici-sutlu-sac-maskesi-24-adet\/\" class=\"wc-block-grid__product-link\">\n\t\t\t\t\t\n\t\t\t\t\t<div class=\"wc-block-grid__product-image\"><img decoding=\"async\" width=\"600\" height=\"600\" data-src=\"https:\/\/petitemaisonglobal.com\/wp-content\/uploads\/pm-hair-mask-kutu-coconut-v-600x600.png\" class=\"attachment-woocommerce_thumbnail size-woocommerce_thumbnail lazyload\" alt=\"Petite Maison &lt;br&gt; Moisturizing Coconut Milk Hair Mask\" data-srcset=\"https:\/\/petitemaisonglobal.com\/wp-content\/uploads\/pm-hair-mask-kutu-coconut-v-600x600.png 600w, https:\/\/petitemaisonglobal.com\/wp-content\/uploads\/pm-hair-mask-kutu-coconut-v-150x150.png 150w, https:\/\/petitemaisonglobal.com\/wp-content\/uploads\/pm-hair-mask-kutu-coconut-v-300x300.png 300w\" data-sizes=\"(max-width:767px) 480px, 600px\" src=\"data:image\/svg+xml;base64,PHN2ZyB3aWR0aD0iMSIgaGVpZ2h0PSIxIiB4bWxucz0iaHR0cDovL3d3dy53My5vcmcvMjAwMC9zdmciPjwvc3ZnPg==\" style=\"--smush-placeholder-width: 600px; --smush-placeholder-aspect-ratio: 600\/600;\" \/><\/div>\n\t\t\t\t\t<div class=\"wc-block-grid__product-title\">Petite Maison <br> Moisturizing Coconut Milk Hair Mask<\/div>\n\t\t\t\t<\/a>\n\t\t\t\t<div class=\"wc-block-grid__product-price price\"><\/div>\n\t\t\t\t\n\t\t\t\t<div class=\"wp-block-button wc-block-grid__product-add-to-cart\"><a href=\"https:\/\/petitemaisonglobal.com\/tr\/urun\/petite-maison-nemlendirici-sutlu-sac-maskesi-24-adet\/\" aria-label=\"\u201cPetite Maison &lt;br&gt; Moisturizing Coconut Milk Hair Mask\u201d hakk\u0131nda daha fazla bilgi edinin\" data-quantity=\"1\" data-product_id=\"1899\" data-product_sku=\"\" data-price=\"0\" rel=\"nofollow\" class=\"wp-block-button__link  add_to_cart_button\" data-no-translation=\"\" data-trp-gettext=\"\" data-no-translation-aria-label=\"\">Devam\u0131n\u0131 oku<\/a><\/div>\n\t\t\t<\/li><li class=\"wc-block-grid__product\">\n\t\t\t\t<a href=\"https:\/\/petitemaisonglobal.com\/tr\/urun\/petite-maison-aloe-vera-sampuan\/\" class=\"wc-block-grid__product-link\">\n\t\t\t\t\t\n\t\t\t\t\t<div class=\"wc-block-grid__product-image\"><img decoding=\"async\" width=\"600\" height=\"600\" data-src=\"https:\/\/petitemaisonglobal.com\/wp-content\/uploads\/pm-hair-shampoo-aloe-vera-v-600x600.png\" class=\"attachment-woocommerce_thumbnail size-woocommerce_thumbnail lazyload\" alt=\"Petite Maison &lt;br&gt; High Glycolic Gloss Aloe Vera \u015eampuan\u0131\" data-srcset=\"https:\/\/petitemaisonglobal.com\/wp-content\/uploads\/pm-hair-shampoo-aloe-vera-v-600x600.png 600w, https:\/\/petitemaisonglobal.com\/wp-content\/uploads\/pm-hair-shampoo-aloe-vera-v-150x150.png 150w, https:\/\/petitemaisonglobal.com\/wp-content\/uploads\/pm-hair-shampoo-aloe-vera-v-300x300.png 300w\" data-sizes=\"(max-width:767px) 480px, 600px\" src=\"data:image\/svg+xml;base64,PHN2ZyB3aWR0aD0iMSIgaGVpZ2h0PSIxIiB4bWxucz0iaHR0cDovL3d3dy53My5vcmcvMjAwMC9zdmciPjwvc3ZnPg==\" style=\"--smush-placeholder-width: 600px; --smush-placeholder-aspect-ratio: 600\/600;\" \/><\/div>\n\t\t\t\t\t<div class=\"wc-block-grid__product-title\">Petite Maison <br> High Glycolic Gloss Aloe Vera \u015eampuan\u0131<\/div>\n\t\t\t\t<\/a>\n\t\t\t\t<div class=\"wc-block-grid__product-price price\"><\/div>\n\t\t\t\t\n\t\t\t\t<div class=\"wp-block-button wc-block-grid__product-add-to-cart\"><a href=\"https:\/\/petitemaisonglobal.com\/tr\/urun\/petite-maison-aloe-vera-sampuan\/\" aria-label=\"\u201cPetite Maison &lt;br&gt; Glycolic Shine Aloe Vera Shampoo\u201d hakk\u0131nda daha fazla bilgi edinin\" data-quantity=\"1\" data-product_id=\"1880\" data-product_sku=\"\" data-price=\"0\" rel=\"nofollow\" class=\"wp-block-button__link  add_to_cart_button\" data-no-translation=\"\" data-trp-gettext=\"\" data-no-translation-aria-label=\"\">Devam\u0131n\u0131 oku<\/a><\/div>\n\t\t\t<\/li><li class=\"wc-block-grid__product\">\n\t\t\t\t<a href=\"https:\/\/petitemaisonglobal.com\/tr\/urun\/petite-maison-bag-onarici-argan-yagi-sampuani\/\" class=\"wc-block-grid__product-link\">\n\t\t\t\t\t\n\t\t\t\t\t<div class=\"wc-block-grid__product-image\"><img decoding=\"async\" width=\"600\" height=\"600\" data-src=\"https:\/\/petitemaisonglobal.com\/wp-content\/uploads\/pm-hair-bond-repair-shampoo-v-600x600.png\" class=\"attachment-woocommerce_thumbnail size-woocommerce_thumbnail lazyload\" alt=\"Petite Maison &lt;br&gt; Bond Repair Argan Care \u015eampuan\" data-srcset=\"https:\/\/petitemaisonglobal.com\/wp-content\/uploads\/pm-hair-bond-repair-shampoo-v-600x600.png 600w, https:\/\/petitemaisonglobal.com\/wp-content\/uploads\/pm-hair-bond-repair-shampoo-v-150x150.png 150w, https:\/\/petitemaisonglobal.com\/wp-content\/uploads\/pm-hair-bond-repair-shampoo-v-300x300.png 300w\" data-sizes=\"(max-width:767px) 480px, 600px\" src=\"data:image\/svg+xml;base64,PHN2ZyB3aWR0aD0iMSIgaGVpZ2h0PSIxIiB4bWxucz0iaHR0cDovL3d3dy53My5vcmcvMjAwMC9zdmciPjwvc3ZnPg==\" style=\"--smush-placeholder-width: 600px; --smush-placeholder-aspect-ratio: 600\/600;\" \/><\/div>\n\t\t\t\t\t<div class=\"wc-block-grid__product-title\">Petite Maison <br> Bond Repair Argan Care \u015eampuan<\/div>\n\t\t\t\t<\/a>\n\t\t\t\t<div class=\"wc-block-grid__product-price price\"><\/div>\n\t\t\t\t\n\t\t\t\t<div class=\"wp-block-button wc-block-grid__product-add-to-cart\"><a href=\"https:\/\/petitemaisonglobal.com\/tr\/urun\/petite-maison-bag-onarici-argan-yagi-sampuani\/\" aria-label=\"\u201cPetite Maison &lt;br&gt; Bond Repair Argan Care Shampoo\u201d hakk\u0131nda daha fazla bilgi edinin\" data-quantity=\"1\" data-product_id=\"1869\" data-product_sku=\"\" data-price=\"0\" rel=\"nofollow\" class=\"wp-block-button__link  add_to_cart_button\" data-no-translation=\"\" data-trp-gettext=\"\" data-no-translation-aria-label=\"\">Devam\u0131n\u0131 oku<\/a><\/div>\n\t\t\t<\/li><li class=\"wc-block-grid__product\">\n\t\t\t\t<a href=\"https:\/\/petitemaisonglobal.com\/tr\/urun\/petite-maison-hindistan-cevizi-sutlu-sac-serumu\/\" class=\"wc-block-grid__product-link\">\n\t\t\t\t\t\n\t\t\t\t\t<div class=\"wc-block-grid__product-image\"><img decoding=\"async\" width=\"600\" height=\"600\" data-src=\"https:\/\/petitemaisonglobal.com\/wp-content\/uploads\/pm-hair-serum-coconut-v-600x600.png\" class=\"attachment-woocommerce_thumbnail size-woocommerce_thumbnail lazyload\" alt=\"Petite Maison &lt;br&gt; Nemlendirici Hindistan Cevizi S&uuml;t&uuml; Sa&ccedil; Serumu\" data-srcset=\"https:\/\/petitemaisonglobal.com\/wp-content\/uploads\/pm-hair-serum-coconut-v-600x600.png 600w, https:\/\/petitemaisonglobal.com\/wp-content\/uploads\/pm-hair-serum-coconut-v-150x150.png 150w, https:\/\/petitemaisonglobal.com\/wp-content\/uploads\/pm-hair-serum-coconut-v-300x300.png 300w\" data-sizes=\"(max-width:767px) 480px, 600px\" src=\"data:image\/svg+xml;base64,PHN2ZyB3aWR0aD0iMSIgaGVpZ2h0PSIxIiB4bWxucz0iaHR0cDovL3d3dy53My5vcmcvMjAwMC9zdmciPjwvc3ZnPg==\" style=\"--smush-placeholder-width: 600px; --smush-placeholder-aspect-ratio: 600\/600;\" \/><\/div>\n\t\t\t\t\t<div class=\"wc-block-grid__product-title\">Petite Maison <br> Nemlendirici Hindistan Cevizi S\u00fct\u00fc Sa\u00e7 Serumu<\/div>\n\t\t\t\t<\/a>\n\t\t\t\t<div class=\"wc-block-grid__product-price price\"><\/div>\n\t\t\t\t\n\t\t\t\t<div class=\"wp-block-button wc-block-grid__product-add-to-cart\"><a href=\"https:\/\/petitemaisonglobal.com\/tr\/urun\/petite-maison-hindistan-cevizi-sutlu-sac-serumu\/\" aria-label=\"\u201cPetite Maison &lt;br&gt; Moisturizing Coconut Milk Hair Serum\u201d hakk\u0131nda daha fazla bilgi edinin\" data-quantity=\"1\" data-product_id=\"1891\" data-product_sku=\"\" data-price=\"0\" rel=\"nofollow\" class=\"wp-block-button__link  add_to_cart_button\" data-no-translation=\"\" data-trp-gettext=\"\" data-no-translation-aria-label=\"\">Devam\u0131n\u0131 oku<\/a><\/div>\n\t\t\t<\/li><\/ul><\/div><\/div>\n<\/div>","protected":false},"excerpt":{"rendered":"","protected":false},"author":1,"featured_media":0,"parent":0,"menu_order":0,"comment_status":"closed","ping_status":"closed","template":"","meta":{"footnotes":""},"class_list":["post-1696","page","type-page","status-publish","hentry"],"_links":{"self":[{"href":"https:\/\/petitemaisonglobal.com\/tr\/wp-json\/wp\/v2\/pages\/1696","targetHints":{"allow":["GET"]}}],"collection":[{"href":"https:\/\/petitemaisonglobal.com\/tr\/wp-json\/wp\/v2\/pages"}],"about":[{"href":"https:\/\/petitemaisonglobal.com\/tr\/wp-json\/wp\/v2\/types\/page"}],"author":[{"embeddable":true,"href":"https:\/\/petitemaisonglobal.com\/tr\/wp-json\/wp\/v2\/users\/1"}],"replies":[{"embeddable":true,"href":"https:\/\/petitemaisonglobal.com\/tr\/wp-json\/wp\/v2\/comments?post=1696"}],"version-history":[{"count":0,"href":"https:\/\/petitemaisonglobal.com\/tr\/wp-json\/wp\/v2\/pages\/1696\/revisions"}],"wp:attachment":[{"href":"https:\/\/petitemaisonglobal.com\/tr\/wp-json\/wp\/v2\/media?parent=1696"}],"curies":[{"name":"wp","href":"https:\/\/api.w.org\/{rel}","templated":true}]}}